{"id":21347,"date":"2025-01-24T11:28:42","date_gmt":"2025-01-24T14:28:42","guid":{"rendered":"https:\/\/apacs.com.br\/site\/?post_type=product&#038;p=21347"},"modified":"2025-11-28T10:55:29","modified_gmt":"2025-11-28T13:55:29","slug":"cachaca-premissa-blend-4-madeiras-750-ml","status":"publish","type":"product","link":"https:\/\/apacs.com.br\/site\/product\/cachaca-premissa-blend-4-madeiras-750-ml\/","title":{"rendered":"Cacha\u00e7a Premissa (Blend 4 madeiras) 750 ml"},"content":{"rendered":"<p><strong>Cacha\u00e7a Premissa Blend 4 Madeiras<\/strong><\/p>\n<p><strong>(Carvalho Americano, Carvalho Europeu, Putumuju e Amburana)<\/strong><\/p>\n<p>A\u00a0<strong>Cacha\u00e7a Premissa Blend 4 Madeiras<\/strong>\u00a0\u00e9 uma verdadeira obra-prima da arte de envelhecimento em barris, unindo tradi\u00e7\u00e3o e inova\u00e7\u00e3o em uma experi\u00eancia sensorial \u00fanica. Com uma combina\u00e7\u00e3o exclusiva de madeiras nobres, ela oferece complexidade e sofistica\u00e7\u00e3o em cada gole.<\/p>\n<p><strong>Perfil Sensorial:<\/strong><\/p>\n<ul>\n<li><strong>Carvalho Americano<\/strong>: Traz notas de baunilha e toques de coco, suavizando e conferindo um final aveludado.<\/li>\n<li><strong>Carvalho Europeu<\/strong>: Acrescenta um car\u00e1ter amadeirado mais robusto, com nuances de frutas secas e especiarias.<\/li>\n<li><strong>Putumuju<\/strong>: Uma madeira brasileira rara, que adiciona notas de am\u00eandoas e um leve toque terroso, enriquecendo a complexidade da bebida.<\/li>\n<li><strong>Amburana<\/strong>: Finaliza o blend com seu inconfund\u00edvel toque doce e perfumado, oferecendo aromas de canela, mel e um leve dul\u00e7or que equilibra a for\u00e7a das outras madeiras.<\/li>\n<\/ul>\n<p><strong>Harmoniza\u00e7\u00e3o:<\/strong><\/p>\n<p>Ideal para ser apreciada pura, essa cacha\u00e7a \u00e9 perfeita para quem valoriza uma experi\u00eancia completa ao paladar. Tamb\u00e9m harmoniza bem com sobremesas \u00e0 base de frutas, queijos curados e pratos com carnes suculentas, onde suas nuances amadeiradas podem brilhar.<\/p>\n<p><strong>Cor e Sabor:<\/strong><\/p>\n<p>Com uma colora\u00e7\u00e3o dourada intensa, a\u00a0<strong>Premissa Blend 4 Madeiras<\/strong>\u00a0impressiona desde o primeiro olhar. No paladar, \u00e9 encorpada e bem estruturada, equilibrando perfeitamente as notas doces e amadeiradas, com um final prolongado e levemente picante.<\/p>\n<p><strong>Processo de Envelhecimento:<\/strong><\/p>\n<p>Envelhecida em quatro tipos de madeira \u2014\u00a0<strong>Carvalho Americano<\/strong>,\u00a0<strong>Carvalho Europeu<\/strong>,\u00a0<strong>Putumuju<\/strong>\u00a0e\u00a0<strong>Amburana<\/strong>\u00a0\u2014, essa cacha\u00e7a adquire caracter\u00edsticas \u00fanicas de cada barril, resultando em um blend sofisticado que oferece m\u00faltiplas camadas de sabor.<\/p>\n<p>Essa descri\u00e7\u00e3o ressalta o equil\u00edbrio entre as madeiras e a complexidade sensorial da Cacha\u00e7a Premissa, destacando seu processo de envelhecimento e perfil arom\u00e1tico, ideal para atrair apreciadores de cacha\u00e7as premium.<\/p>\n<p>&nbsp;<\/p>\n","protected":false},"excerpt":{"rendered":"<p>Cacha\u00e7a Premissa (B\u00e1lsamo) 670 ml<\/p>\n","protected":false},"featured_media":21169,"comment_status":"closed","ping_status":"closed","template":"","meta":[],"product_brand":[],"product_cat":[182,183,216],"product_tag":[239],"class_list":{"0":"post-21347","1":"product","2":"type-product","3":"status-publish","4":"has-post-thumbnail","6":"product_cat-cachaca-dourada","7":"product_cat-marcas","8":"product_cat-premissa","9":"product_tag-ip-premissa-55a01355nn","11":"first","12":"instock","13":"sale","14":"taxable","15":"shipping-taxable","16":"purchasable","17":"product-type-simple"},"_links":{"self":[{"href":"https:\/\/apacs.com.br\/site\/wp-json\/wp\/v2\/product\/21347","targetHints":{"allow":["GET"]}}],"collection":[{"href":"https:\/\/apacs.com.br\/site\/wp-json\/wp\/v2\/product"}],"about":[{"href":"https:\/\/apacs.com.br\/site\/wp-json\/wp\/v2\/types\/product"}],"replies":[{"embeddable":true,"href":"https:\/\/apacs.com.br\/site\/wp-json\/wp\/v2\/comments?post=21347"}],"wp:featuredmedia":[{"embeddable":true,"href":"https:\/\/apacs.com.br\/site\/wp-json\/wp\/v2\/media\/21169"}],"wp:attachment":[{"href":"https:\/\/apacs.com.br\/site\/wp-json\/wp\/v2\/media?parent=21347"}],"wp:term":[{"taxonomy":"product_brand","embeddable":true,"href":"https:\/\/apacs.com.br\/site\/wp-json\/wp\/v2\/product_brand?post=21347"},{"taxonomy":"product_cat","embeddable":true,"href":"https:\/\/apacs.com.br\/site\/wp-json\/wp\/v2\/product_cat?post=21347"},{"taxonomy":"product_tag","embeddable":true,"href":"https:\/\/apacs.com.br\/site\/wp-json\/wp\/v2\/product_tag?post=21347"}],"curies":[{"name":"wp","href":"https:\/\/api.w.org\/{rel}","templated":true}]}}