{"id":21346,"date":"2025-01-24T11:23:30","date_gmt":"2025-01-24T14:23:30","guid":{"rendered":"https:\/\/apacs.com.br\/site\/?post_type=product&#038;p=21346"},"modified":"2025-10-13T16:56:57","modified_gmt":"2025-10-13T19:56:57","slug":"cachaca-premissa-putumuju-750-ml","status":"publish","type":"product","link":"https:\/\/apacs.com.br\/site\/product\/cachaca-premissa-putumuju-750-ml\/","title":{"rendered":"Cacha\u00e7a Premissa (Putumuju) 750 ml"},"content":{"rendered":"<p><strong>Cacha\u00e7a Premissa Putumuju<\/strong><\/p>\n<p>A\u00a0<strong>Cacha\u00e7a Premissa Putumuju<\/strong>\u00a0\u00e9 uma cacha\u00e7a premium que celebra a riqueza da flora brasileira, destacando-se pelo seu envelhecimento em barris de Putumuju. Essa madeira nobre \u00e9 conhecida por suas propriedades \u00fanicas, que conferem \u00e0 cacha\u00e7a um car\u00e1ter marcante e uma complexidade de sabores excepcional.<\/p>\n<p><strong>Perfil Sensorial:<\/strong><\/p>\n<ul>\n<li><strong>Aroma<\/strong>: O aroma da Cacha\u00e7a Premissa Putumuju \u00e9 envolvente e inconfund\u00edvel, com notas que remetem a am\u00eandoas, especiarias e um toque sutil de baunilha. A combina\u00e7\u00e3o do envelhecimento em Putumuju proporciona uma experi\u00eancia olfativa rica e intrigante.<\/li>\n<li><strong>Sabor<\/strong>: No paladar, apresenta uma suavidade inigual\u00e1vel, com sabores de frutas secas e um leve terroso, complementados por um leve dul\u00e7or que lembra mel. O final \u00e9 prolongado e harmonioso, com um leve toque picante que convida a mais um gole.<\/li>\n<\/ul>\n<p><strong>Harmoniza\u00e7\u00e3o:<\/strong><\/p>\n<p>Perfeita para ser apreciada pura, a\u00a0<strong>Cacha\u00e7a Premissa Putumuju<\/strong>\u00a0tamb\u00e9m harmoniza magnificamente com pratos de frutos do mar, carnes grelhadas e queijos curados. Sua versatilidade a torna ideal para coquet\u00e9is sofisticados, onde suas notas \u00fanicas podem brilhar.<\/p>\n<p><strong>Processo de Envelhecimento:<\/strong><\/p>\n<p>Envelhecida em barris de Putumuju, esta cacha\u00e7a adquire um perfil que reflete a riqueza e a diversidade da natureza brasileira. O cuidado no processo de destila\u00e7\u00e3o e envelhecimento garante uma bebida de qualidade superior, perfeita para os apreciadores de cacha\u00e7a.<\/p>\n<p><strong>Cor:<\/strong><\/p>\n<p>Com uma colora\u00e7\u00e3o \u00e2mbar intensa, a\u00a0<strong>Cacha\u00e7a Premissa Putumuju<\/strong>\u00a0n\u00e3o apenas encanta pelo sabor, mas tamb\u00e9m pela sua apresenta\u00e7\u00e3o visual, refletindo o carinho e a dedica\u00e7\u00e3o investidos em sua produ\u00e7\u00e3o.<\/p>\n","protected":false},"excerpt":{"rendered":"<p>Cacha\u00e7a Premissa (B\u00e1lsamo) 670 ml<\/p>\n","protected":false},"featured_media":21171,"comment_status":"closed","ping_status":"closed","template":"","meta":[],"product_brand":[],"product_cat":[182,183,216],"product_tag":[239],"class_list":{"0":"post-21346","1":"product","2":"type-product","3":"status-publish","4":"has-post-thumbnail","6":"product_cat-cachaca-dourada","7":"product_cat-marcas","8":"product_cat-premissa","9":"product_tag-ip-premissa-55a01355nn","11":"first","12":"instock","13":"sale","14":"taxable","15":"shipping-taxable","16":"purchasable","17":"product-type-simple"},"_links":{"self":[{"href":"https:\/\/apacs.com.br\/site\/wp-json\/wp\/v2\/product\/21346","targetHints":{"allow":["GET"]}}],"collection":[{"href":"https:\/\/apacs.com.br\/site\/wp-json\/wp\/v2\/product"}],"about":[{"href":"https:\/\/apacs.com.br\/site\/wp-json\/wp\/v2\/types\/product"}],"replies":[{"embeddable":true,"href":"https:\/\/apacs.com.br\/site\/wp-json\/wp\/v2\/comments?post=21346"}],"wp:featuredmedia":[{"embeddable":true,"href":"https:\/\/apacs.com.br\/site\/wp-json\/wp\/v2\/media\/21171"}],"wp:attachment":[{"href":"https:\/\/apacs.com.br\/site\/wp-json\/wp\/v2\/media?parent=21346"}],"wp:term":[{"taxonomy":"product_brand","embeddable":true,"href":"https:\/\/apacs.com.br\/site\/wp-json\/wp\/v2\/product_brand?post=21346"},{"taxonomy":"product_cat","embeddable":true,"href":"https:\/\/apacs.com.br\/site\/wp-json\/wp\/v2\/product_cat?post=21346"},{"taxonomy":"product_tag","embeddable":true,"href":"https:\/\/apacs.com.br\/site\/wp-json\/wp\/v2\/product_tag?post=21346"}],"curies":[{"name":"wp","href":"https:\/\/api.w.org\/{rel}","templated":true}]}}