{"id":21334,"date":"2024-12-06T16:13:27","date_gmt":"2024-12-06T19:13:27","guid":{"rendered":"https:\/\/apacs.com.br\/site\/?post_type=product&#038;p=21334"},"modified":"2025-01-23T16:16:05","modified_gmt":"2025-01-23T19:16:05","slug":"cachaca-seleta-bahea-700ml-copia","status":"publish","type":"product","link":"https:\/\/apacs.com.br\/site\/product\/cachaca-seleta-bahea-700ml-copia\/","title":{"rendered":"Cacha\u00e7a Seleta Bah\u00eaa 700ml (c\u00f3pia)"},"content":{"rendered":"<h2>Seleta Bah\u00eaa<\/h2>\n<p>&nbsp;<\/p>\n<p><strong>Apar\u00eancia\u00a0<\/strong><br \/>\nlevemente dourada, l\u00edmpida e brilhante<\/p>\n<p><strong>Aromas<\/strong><br \/>\nintensos, amadeirados, frutados, adocicados e com notas de baunilha<\/p>\n<p><strong>Sabor<\/strong><br \/>\nadocicado com notas finais de baunilha, am\u00eandoas e canela<\/p>\n<p>Edi\u00e7\u00e3o Especial<\/p>\n<p>Produto Oficial Leg\u00edtimo<\/p>\n<p>Produzido pela Cacha\u00e7a Seleta e Boazinha<\/p>\n<p>Origem : Salinas MG<\/p>\n","protected":false},"excerpt":{"rendered":"<p>Seleta Bah\u00eaa &nbsp; Apar\u00eancia\u00a0 levemente dourada, l\u00edmpida e brilhante Aromas intensos, amadeirados, frutados, adocicados e com notas de baunilha Sabor adocicado com notas finais de baunilha, am\u00eandoas e canela Edi\u00e7\u00e3o&hellip;<\/p>\n","protected":false},"featured_media":21337,"comment_status":"closed","ping_status":"closed","template":"","meta":[],"product_brand":[],"product_cat":[190,183,221],"product_tag":[],"class_list":{"0":"post-21334","1":"product","2":"type-product","3":"status-publish","4":"has-post-thumbnail","6":"product_cat-cachaca-incolor","7":"product_cat-marcas","8":"product_cat-seleta","10":"first","11":"instock","12":"taxable","13":"shipping-taxable","14":"purchasable","15":"product-type-simple"},"_links":{"self":[{"href":"https:\/\/apacs.com.br\/site\/wp-json\/wp\/v2\/product\/21334","targetHints":{"allow":["GET"]}}],"collection":[{"href":"https:\/\/apacs.com.br\/site\/wp-json\/wp\/v2\/product"}],"about":[{"href":"https:\/\/apacs.com.br\/site\/wp-json\/wp\/v2\/types\/product"}],"replies":[{"embeddable":true,"href":"https:\/\/apacs.com.br\/site\/wp-json\/wp\/v2\/comments?post=21334"}],"wp:featuredmedia":[{"embeddable":true,"href":"https:\/\/apacs.com.br\/site\/wp-json\/wp\/v2\/media\/21337"}],"wp:attachment":[{"href":"https:\/\/apacs.com.br\/site\/wp-json\/wp\/v2\/media?parent=21334"}],"wp:term":[{"taxonomy":"product_brand","embeddable":true,"href":"https:\/\/apacs.com.br\/site\/wp-json\/wp\/v2\/product_brand?post=21334"},{"taxonomy":"product_cat","embeddable":true,"href":"https:\/\/apacs.com.br\/site\/wp-json\/wp\/v2\/product_cat?post=21334"},{"taxonomy":"product_tag","embeddable":true,"href":"https:\/\/apacs.com.br\/site\/wp-json\/wp\/v2\/product_tag?post=21334"}],"curies":[{"name":"wp","href":"https:\/\/api.w.org\/{rel}","templated":true}]}}