{"id":21251,"date":"2024-10-31T15:07:01","date_gmt":"2024-10-31T18:07:01","guid":{"rendered":"https:\/\/apacs.com.br\/site\/?post_type=product&#038;p=21251"},"modified":"2025-10-13T17:37:03","modified_gmt":"2025-10-13T20:37:03","slug":"cachaca-seleta-eu-garanto-500-ml","status":"publish","type":"product","link":"https:\/\/apacs.com.br\/site\/product\/cachaca-seleta-eu-garanto-500-ml\/","title":{"rendered":"Cacha\u00e7a Seleta Eu Garanto 500 ml"},"content":{"rendered":"<p><strong>Seleta EU GARANTO<\/strong><\/p>\n<p>SELETA EU GARANTO \u00e9 mais uma das criac\u00f5es de Ant\u00f4nio Rodriques, o Toni, como \u00e9 carinhosamente chamado pelos amigos. Foi em 2010, em uma de suas muitas andan\u00e7as pelo Brasil afora, na cidade de Cristalina, que o fundador da Seleta conheceu o baru, um fruto nativo do Cerrado, famoso pelo sabor e pelas suas propriedades energ\u00e9ticas de nutrientes. Sabendo disso, teve a brilhante ideia de misturar o fruto \u00e0 sua cacha\u00e7a e criar um novo produto com o selo de qualidade SELETA.<\/p>\n<p>Foram anos preparando e aprimorando a receita, que, al\u00e9m do baru, leva mel na medida certa. O resultado foi a SELETA EU GARANTO! Uma mistura da preciosa Cacha\u00e7a SELETA Umburana com baru e mel. Com teor alco\u00f3lico inferior ao das cacha\u00e7as tradicionais e um sabor adocicado e agrad\u00e1vel aos mais diversos paladares, tem um qu\u00ea de quero mais. SELETA EU GARANTO deve ser apreciada preferencialmente gelada, para que seu sabor seja ainda mais ressaltado.<\/p>\n<p>A Seleta \u00e9 uma bebida\u00a0mista com cacha\u00e7a , mel e bar\u00fa , fruto conhecido pelo sabor e por suas propriedades energ\u00e9ticas de nutrientes. Uma mistura equilibrada , que torna a bebida suave e agrad\u00e1vel ao paladar , com o selo de qualidade Seleta .<\/p>\n","protected":false},"excerpt":{"rendered":"<p>Seleta EU GARANTO SELETA EU GARANTO \u00e9 mais uma das criac\u00f5es de Ant\u00f4nio Rodriques, o Toni, como \u00e9 carinhosamente chamado pelos amigos. Foi em 2010, em uma de suas muitas&hellip;<\/p>\n","protected":false},"featured_media":21215,"comment_status":"closed","ping_status":"closed","template":"","meta":[],"product_brand":[],"product_cat":[182,183,221],"product_tag":[],"class_list":{"0":"post-21251","1":"product","2":"type-product","3":"status-publish","4":"has-post-thumbnail","6":"product_cat-cachaca-dourada","7":"product_cat-marcas","8":"product_cat-seleta","10":"first","11":"instock","12":"sale","13":"taxable","14":"shipping-taxable","15":"purchasable","16":"product-type-simple"},"_links":{"self":[{"href":"https:\/\/apacs.com.br\/site\/wp-json\/wp\/v2\/product\/21251","targetHints":{"allow":["GET"]}}],"collection":[{"href":"https:\/\/apacs.com.br\/site\/wp-json\/wp\/v2\/product"}],"about":[{"href":"https:\/\/apacs.com.br\/site\/wp-json\/wp\/v2\/types\/product"}],"replies":[{"embeddable":true,"href":"https:\/\/apacs.com.br\/site\/wp-json\/wp\/v2\/comments?post=21251"}],"wp:featuredmedia":[{"embeddable":true,"href":"https:\/\/apacs.com.br\/site\/wp-json\/wp\/v2\/media\/21215"}],"wp:attachment":[{"href":"https:\/\/apacs.com.br\/site\/wp-json\/wp\/v2\/media?parent=21251"}],"wp:term":[{"taxonomy":"product_brand","embeddable":true,"href":"https:\/\/apacs.com.br\/site\/wp-json\/wp\/v2\/product_brand?post=21251"},{"taxonomy":"product_cat","embeddable":true,"href":"https:\/\/apacs.com.br\/site\/wp-json\/wp\/v2\/product_cat?post=21251"},{"taxonomy":"product_tag","embeddable":true,"href":"https:\/\/apacs.com.br\/site\/wp-json\/wp\/v2\/product_tag?post=21251"}],"curies":[{"name":"wp","href":"https:\/\/api.w.org\/{rel}","templated":true}]}}