{"id":21247,"date":"2024-10-30T16:04:38","date_gmt":"2024-10-30T19:04:38","guid":{"rendered":"https:\/\/apacs.com.br\/site\/?post_type=product&#038;p=21247"},"modified":"2024-10-30T16:06:41","modified_gmt":"2024-10-30T19:06:41","slug":"cachaca-tabua-umburana-600-ml","status":"publish","type":"product","link":"https:\/\/apacs.com.br\/site\/product\/cachaca-tabua-umburana-600-ml\/","title":{"rendered":"Cacha\u00e7a Tab\u00faa (Umburana) 600 ml"},"content":{"rendered":"<p>A\u00a0<strong>CACHA\u00c7A TAB\u00daA Flor de Ouro<\/strong>\u00a0tem um tempo maior de armazenamento,\u00a0assim eleva-se a qualidade e adquire atributos de\u00a0aroma e sabor definidos do b\u00e1lsamo.<\/p>\n<p>A cacha\u00e7a artesanal \u00a0Tab\u00faa \u00e9 fabricada nos solos da\u00a0capital mundial da cacha\u00e7a.<\/p>\n<p>\u00c9 desenvolvida de forma\u00a0artesanal e tradicional, com caracter\u00edsticas t\u00edpicas<br \/>\nem cada etapa do processo.<\/p>\n<p>Com a escolha da cana e processo de extra\u00e7\u00e3o\u00a0do caldo da cana-de-a\u00e7\u00facar propiciamos a nossa\u00a0fermenta\u00e7\u00e3o \u201ccaipira\u201d o desenvolvimento necess\u00e1rio\u00a0para a obten\u00e7\u00e3o da cacha\u00e7a de qualidade.<\/p>\n<p>Os procedimentos de produ\u00e7\u00e3o e boas pr\u00e1ticas s\u00e3o imprescind\u00edveis para chegarmos ao produto final tendo\u00a0os selos de garantia que avalizam os resultados do\u00a0nosso trabalho.<\/p>\n<p>As marcas Tab\u00faa t\u00eam conquistado\u00a0o mercado pela forma artesanal e atende os padr\u00f5es<br \/>\nde qualidade exigidos e principalmente o gosto dos\u00a0nossos consumidores.<\/p>\n<p>&nbsp;<\/p>\n","protected":false},"excerpt":{"rendered":"<p>Cacha\u00e7a Tab\u00faa (Umburana) 670 ml<\/p>\n","protected":false},"featured_media":21228,"comment_status":"closed","ping_status":"closed","template":"","meta":[],"product_brand":[],"product_cat":[182,183,213],"product_tag":[],"class_list":{"0":"post-21247","1":"product","2":"type-product","3":"status-publish","4":"has-post-thumbnail","6":"product_cat-cachaca-dourada","7":"product_cat-marcas","8":"product_cat-tabua","10":"first","11":"instock","12":"sale","13":"taxable","14":"shipping-taxable","15":"purchasable","16":"product-type-simple"},"_links":{"self":[{"href":"https:\/\/apacs.com.br\/site\/wp-json\/wp\/v2\/product\/21247","targetHints":{"allow":["GET"]}}],"collection":[{"href":"https:\/\/apacs.com.br\/site\/wp-json\/wp\/v2\/product"}],"about":[{"href":"https:\/\/apacs.com.br\/site\/wp-json\/wp\/v2\/types\/product"}],"replies":[{"embeddable":true,"href":"https:\/\/apacs.com.br\/site\/wp-json\/wp\/v2\/comments?post=21247"}],"wp:featuredmedia":[{"embeddable":true,"href":"https:\/\/apacs.com.br\/site\/wp-json\/wp\/v2\/media\/21228"}],"wp:attachment":[{"href":"https:\/\/apacs.com.br\/site\/wp-json\/wp\/v2\/media?parent=21247"}],"wp:term":[{"taxonomy":"product_brand","embeddable":true,"href":"https:\/\/apacs.com.br\/site\/wp-json\/wp\/v2\/product_brand?post=21247"},{"taxonomy":"product_cat","embeddable":true,"href":"https:\/\/apacs.com.br\/site\/wp-json\/wp\/v2\/product_cat?post=21247"},{"taxonomy":"product_tag","embeddable":true,"href":"https:\/\/apacs.com.br\/site\/wp-json\/wp\/v2\/product_tag?post=21247"}],"curies":[{"name":"wp","href":"https:\/\/api.w.org\/{rel}","templated":true}]}}