{"id":21072,"date":"2024-10-25T13:49:13","date_gmt":"2024-10-25T16:49:13","guid":{"rendered":"https:\/\/apacs.com.br\/site\/?post_type=product&#038;p=21072"},"modified":"2025-01-23T15:49:42","modified_gmt":"2025-01-23T18:49:42","slug":"minas-douro-blendcarvalho-e-amburana-670-ml-copia","status":"publish","type":"product","link":"https:\/\/apacs.com.br\/site\/product\/minas-douro-blendcarvalho-e-amburana-670-ml-copia\/","title":{"rendered":"Minas D&#8217;Ouro (Blend) 6 Madeiras (Carvalho europeu, Carvalho americano, Umburana, Putumuju, B\u00e1lsamo e Jequitib\u00e1 rosa) 750 ml"},"content":{"rendered":"<p><strong>Minas D&#8217;Ouro Blend 6 Madeiras\u00a0<\/strong><\/p>\n<p>A\u00a0<strong>Minas D&#8217;ouro<\/strong>\u00a0\u00e9 produzida na cidade de\u00a0Salinas &#8211; Minas Gerais.<\/p>\n<p>Voltado para p\u00fablicos de paladares exigentes, a nossa cacha\u00e7a\u00a0carrega qualidade, originalidade e tradi\u00e7\u00e3o mineira.<\/p>\n<p>Seus pontos fortes, torna seu sabor refinado e exclusivo, que a coloca entre as melhores cacha\u00e7as.<\/p>\n<p>Para um bom apreciador de cacha\u00e7a, tem que conhecer\u00a0<strong>Minas D&#8217;ouro<\/strong>.<\/p>\n<p>A Cacha\u00e7a\u00a0<strong>Minas D&#8217;Ouro<\/strong>\u00a0\u00e9 produzida a partir de mat\u00e9rias-primas rigorosamente selecionadas e processadas dentro das mais exigentes t\u00e9cnicas de produ\u00e7\u00e3o\u00a0artesanal de qualidade e respeito ao meio ambiente.<\/p>\n<p>A Minas D\u00b4Ouro Blend \u00e9 uma combina\u00e7\u00e3o de 06 madeiras nobres: carvalho europeu, carvalho americano, umburana, putumuju, b\u00e1lsamo e jequitib\u00e1 rosa.<\/p>\n<p>Validade indeterminada. N\u00e3o cont\u00e9m gl\u00faten.<\/p>\n<p>Volume : 750ml<\/p>\n","protected":false},"excerpt":{"rendered":"<p>Minas D&#8217;Ouro Blend 6 Madeiras\u00a0 A\u00a0Minas D&#8217;ouro\u00a0\u00e9 produzida na cidade de\u00a0Salinas &#8211; Minas Gerais. Voltado para p\u00fablicos de paladares exigentes, a nossa cacha\u00e7a\u00a0carrega qualidade, originalidade e tradi\u00e7\u00e3o mineira. Seus pontos&hellip;<\/p>\n","protected":false},"featured_media":21069,"comment_status":"closed","ping_status":"closed","template":"","meta":[],"product_brand":[],"product_cat":[182,183,237],"product_tag":[],"class_list":{"0":"post-21072","1":"product","2":"type-product","3":"status-publish","4":"has-post-thumbnail","6":"product_cat-cachaca-dourada","7":"product_cat-marcas","8":"product_cat-minas-douro","10":"first","11":"instock","12":"taxable","13":"shipping-taxable","14":"purchasable","15":"product-type-simple"},"_links":{"self":[{"href":"https:\/\/apacs.com.br\/site\/wp-json\/wp\/v2\/product\/21072","targetHints":{"allow":["GET"]}}],"collection":[{"href":"https:\/\/apacs.com.br\/site\/wp-json\/wp\/v2\/product"}],"about":[{"href":"https:\/\/apacs.com.br\/site\/wp-json\/wp\/v2\/types\/product"}],"replies":[{"embeddable":true,"href":"https:\/\/apacs.com.br\/site\/wp-json\/wp\/v2\/comments?post=21072"}],"wp:featuredmedia":[{"embeddable":true,"href":"https:\/\/apacs.com.br\/site\/wp-json\/wp\/v2\/media\/21069"}],"wp:attachment":[{"href":"https:\/\/apacs.com.br\/site\/wp-json\/wp\/v2\/media?parent=21072"}],"wp:term":[{"taxonomy":"product_brand","embeddable":true,"href":"https:\/\/apacs.com.br\/site\/wp-json\/wp\/v2\/product_brand?post=21072"},{"taxonomy":"product_cat","embeddable":true,"href":"https:\/\/apacs.com.br\/site\/wp-json\/wp\/v2\/product_cat?post=21072"},{"taxonomy":"product_tag","embeddable":true,"href":"https:\/\/apacs.com.br\/site\/wp-json\/wp\/v2\/product_tag?post=21072"}],"curies":[{"name":"wp","href":"https:\/\/api.w.org\/{rel}","templated":true}]}}