{"id":20675,"date":"2024-04-13T17:14:10","date_gmt":"2024-04-13T20:14:10","guid":{"rendered":"https:\/\/apacs.com.br\/site\/?post_type=product&#038;p=20675"},"modified":"2025-10-13T17:25:42","modified_gmt":"2025-10-13T20:25:42","slug":"antonio-rodrigues-extra-premium-carvalho-700ml","status":"publish","type":"product","link":"https:\/\/apacs.com.br\/site\/product\/antonio-rodrigues-extra-premium-carvalho-700ml\/","title":{"rendered":"ANTONIO RODRIGUES EXTRA PREMIUM (Carvalho) 700ml"},"content":{"rendered":"<p>A cacha\u00e7a Ant\u00f4nio Rodrigues \u00e9 uma bebida \u00fanica, a verdadeira joia l\u00edquida.<\/p>\n<p>Uma s\u00e9rie limitada, especial para os apreciadores da cacha\u00e7a t\u00edpica de Minas.<\/p>\n<p>Envelhecida em carvalho, seu aroma \u00e9 encorpado e o sabor inesquec\u00edvel.<\/p>\n<ul>\n<li>Madeira:\u00a0Carvalho<\/li>\n<li>Grad. Alco\u00f3lica:\u00a042%<\/li>\n<li>Tempo de Envelhecimento:\u00a07 anos Extra Premium<\/li>\n<li>Origem:\u00a0Salinas ( Minas Gerais )<\/li>\n<li>Colora\u00e7\u00e3o:\u00a0Dourada<\/li>\n<li>An\u00e1lise: Sabor intenso, com buqu\u00ea complexo, que remete a nozes, madeira tostada e taninos. De baixa acidez e levemente adocicada, possui um toque agrad\u00e1vel bastante aveludado.<\/li>\n<\/ul>\n","protected":false},"excerpt":{"rendered":"<p>A cacha\u00e7a Ant\u00f4nio Rodrigues \u00e9 uma bebida \u00fanica, a verdadeira joia l\u00edquida. Uma s\u00e9rie limitada, especial para os apreciadores da cacha\u00e7a t\u00edpica de Minas. Envelhecida em carvalho, seu aroma \u00e9&hellip;<\/p>\n","protected":false},"featured_media":21259,"comment_status":"closed","ping_status":"closed","template":"","meta":[],"product_brand":[],"product_cat":[182,183,221],"product_tag":[],"class_list":{"0":"post-20675","1":"product","2":"type-product","3":"status-publish","4":"has-post-thumbnail","6":"product_cat-cachaca-dourada","7":"product_cat-marcas","8":"product_cat-seleta","10":"first","11":"instock","12":"sale","13":"taxable","14":"shipping-taxable","15":"purchasable","16":"product-type-simple"},"_links":{"self":[{"href":"https:\/\/apacs.com.br\/site\/wp-json\/wp\/v2\/product\/20675","targetHints":{"allow":["GET"]}}],"collection":[{"href":"https:\/\/apacs.com.br\/site\/wp-json\/wp\/v2\/product"}],"about":[{"href":"https:\/\/apacs.com.br\/site\/wp-json\/wp\/v2\/types\/product"}],"replies":[{"embeddable":true,"href":"https:\/\/apacs.com.br\/site\/wp-json\/wp\/v2\/comments?post=20675"}],"wp:featuredmedia":[{"embeddable":true,"href":"https:\/\/apacs.com.br\/site\/wp-json\/wp\/v2\/media\/21259"}],"wp:attachment":[{"href":"https:\/\/apacs.com.br\/site\/wp-json\/wp\/v2\/media?parent=20675"}],"wp:term":[{"taxonomy":"product_brand","embeddable":true,"href":"https:\/\/apacs.com.br\/site\/wp-json\/wp\/v2\/product_brand?post=20675"},{"taxonomy":"product_cat","embeddable":true,"href":"https:\/\/apacs.com.br\/site\/wp-json\/wp\/v2\/product_cat?post=20675"},{"taxonomy":"product_tag","embeddable":true,"href":"https:\/\/apacs.com.br\/site\/wp-json\/wp\/v2\/product_tag?post=20675"}],"curies":[{"name":"wp","href":"https:\/\/api.w.org\/{rel}","templated":true}]}}