{"id":20666,"date":"2024-04-13T17:13:38","date_gmt":"2024-04-13T20:13:38","guid":{"rendered":"https:\/\/apacs.com.br\/site\/?post_type=product&#038;p=20666"},"modified":"2025-01-23T16:17:07","modified_gmt":"2025-01-23T19:17:07","slug":"cachaca-seleta-sao-paulo-700ml","status":"publish","type":"product","link":"https:\/\/apacs.com.br\/site\/product\/cachaca-seleta-sao-paulo-700ml\/","title":{"rendered":"Cacha\u00e7a Seleta S\u00e3o Paulo 700ml"},"content":{"rendered":"<h2>Seleta Tricolor S\u00e3o Paulo<\/h2>\n<p>Unico brasileiro tricampe\u00e3o mundial<\/p>\n<p>A seleta se inspirou na for\u00e7a da torcida s\u00e3o-paulina, para produzir um r\u00f3tulo inspirado no seu uniforme, que traduza toda a for\u00e7a do tricolor paulista !<\/p>\n<p>Feita a partir de canas rigorosamente\u00a0selecionadas,, fermentadas, destiladas e armazenadas em ton\u00e9is de Umburana, planta conhecida por suas caracter\u00edsticas curativas e digestivas. A seleta da massa tem sabor suave e delicioso.<\/p>\n<p><strong>Apar\u00eancia\u00a0<\/strong><br \/>\nlevemente dourada, l\u00edmpida e brilhante<\/p>\n<p><strong>Aromas<\/strong><br \/>\nintensos, amadeirados, frutados, adocicados e com notas de baunilha<\/p>\n<p><strong>Sabor<\/strong><br \/>\nadocicado com notas finais de baunilha, am\u00eandoas e canela<\/p>\n<p>Edi\u00e7\u00e3o Especial<\/p>\n<p>Produto Oficial Leg\u00edtimo<\/p>\n<p>Produzido pela Cacha\u00e7a Seleta e Boazinha<\/p>\n<p>Origem : Salinas MG<\/p>\n","protected":false},"excerpt":{"rendered":"<p>Seleta Tricolor S\u00e3o Paulo Unico brasileiro tricampe\u00e3o mundial A seleta se inspirou na for\u00e7a da torcida s\u00e3o-paulina, para produzir um r\u00f3tulo inspirado no seu uniforme, que traduza toda a for\u00e7a&hellip;<\/p>\n","protected":false},"featured_media":21222,"comment_status":"closed","ping_status":"closed","template":"","meta":[],"product_brand":[],"product_cat":[190,183,221],"product_tag":[],"class_list":{"0":"post-20666","1":"product","2":"type-product","3":"status-publish","4":"has-post-thumbnail","6":"product_cat-cachaca-incolor","7":"product_cat-marcas","8":"product_cat-seleta","10":"first","11":"instock","12":"taxable","13":"shipping-taxable","14":"purchasable","15":"product-type-simple"},"_links":{"self":[{"href":"https:\/\/apacs.com.br\/site\/wp-json\/wp\/v2\/product\/20666","targetHints":{"allow":["GET"]}}],"collection":[{"href":"https:\/\/apacs.com.br\/site\/wp-json\/wp\/v2\/product"}],"about":[{"href":"https:\/\/apacs.com.br\/site\/wp-json\/wp\/v2\/types\/product"}],"replies":[{"embeddable":true,"href":"https:\/\/apacs.com.br\/site\/wp-json\/wp\/v2\/comments?post=20666"}],"wp:featuredmedia":[{"embeddable":true,"href":"https:\/\/apacs.com.br\/site\/wp-json\/wp\/v2\/media\/21222"}],"wp:attachment":[{"href":"https:\/\/apacs.com.br\/site\/wp-json\/wp\/v2\/media?parent=20666"}],"wp:term":[{"taxonomy":"product_brand","embeddable":true,"href":"https:\/\/apacs.com.br\/site\/wp-json\/wp\/v2\/product_brand?post=20666"},{"taxonomy":"product_cat","embeddable":true,"href":"https:\/\/apacs.com.br\/site\/wp-json\/wp\/v2\/product_cat?post=20666"},{"taxonomy":"product_tag","embeddable":true,"href":"https:\/\/apacs.com.br\/site\/wp-json\/wp\/v2\/product_tag?post=20666"}],"curies":[{"name":"wp","href":"https:\/\/api.w.org\/{rel}","templated":true}]}}