{"id":20656,"date":"2024-04-13T17:13:14","date_gmt":"2024-04-13T20:13:14","guid":{"rendered":"https:\/\/apacs.com.br\/site\/?post_type=product&#038;p=20656"},"modified":"2025-01-23T16:20:13","modified_gmt":"2025-01-23T19:20:13","slug":"cachaca-seleta-porcelana-umburana-670-ml","status":"publish","type":"product","link":"https:\/\/apacs.com.br\/site\/product\/cachaca-seleta-porcelana-umburana-670-ml\/","title":{"rendered":"Cacha\u00e7a Seleta Porcelana (Umburana) 670 ml"},"content":{"rendered":"<p>Cacha\u00e7a Seleta, queridinha do Brasil, a cacha\u00e7a artesanal mais vendida do pa\u00eds. Feita a partir de canas rigorosamente selecionadas e envelhecida em ton\u00e9is de Umburana, planta conhecida por suas caracter\u00edsticas curativas e digestivas. A Seleta tem sabor suave e delicioso.<\/p>\n<ul>\n<li>Madeira:\u00a0Amburana\/Umburana<\/li>\n<li>Grad. Alco\u00f3lica:\u00a042%<\/li>\n<li>Volume: 670 ml<\/li>\n<li>Tempo de Envelhecimento:\u00a02,5 anos<\/li>\n<li>Origem:\u00a0Salinas\/MG<\/li>\n<li>Colora\u00e7\u00e3o: Palha<\/li>\n<\/ul>\n","protected":false},"excerpt":{"rendered":"<p>Cacha\u00e7a Seleta, queridinha do Brasil, a cacha\u00e7a artesanal mais vendida do pa\u00eds. Feita a partir de canas rigorosamente selecionadas e envelhecida em ton\u00e9is de Umburana, planta conhecida por suas caracter\u00edsticas curativas e digestivas. A Seleta tem sabor suave e delicioso.<\/p>\n<ul>\n<li>Madeira:\u00a0Amburana\/Umburana<\/li>\n<li>Grad. Alco\u00f3lica:\u00a042%<\/li>\n<li>Volume: 670 ml<\/li>\n<li>Tempo de Envelhecimento:\u00a02,5 anos<\/li>\n<li>Origem:\u00a0Salinas\/MG<\/li>\n<li>Colora\u00e7\u00e3o: Palha<\/li>\n<\/ul>\n","protected":false},"featured_media":21271,"comment_status":"closed","ping_status":"closed","template":"","meta":[],"product_brand":[],"product_cat":[182,183,221],"product_tag":[],"class_list":{"0":"post-20656","1":"product","2":"type-product","3":"status-publish","4":"has-post-thumbnail","6":"product_cat-cachaca-dourada","7":"product_cat-marcas","8":"product_cat-seleta","10":"first","11":"instock","12":"taxable","13":"shipping-taxable","14":"purchasable","15":"product-type-simple"},"_links":{"self":[{"href":"https:\/\/apacs.com.br\/site\/wp-json\/wp\/v2\/product\/20656","targetHints":{"allow":["GET"]}}],"collection":[{"href":"https:\/\/apacs.com.br\/site\/wp-json\/wp\/v2\/product"}],"about":[{"href":"https:\/\/apacs.com.br\/site\/wp-json\/wp\/v2\/types\/product"}],"replies":[{"embeddable":true,"href":"https:\/\/apacs.com.br\/site\/wp-json\/wp\/v2\/comments?post=20656"}],"wp:featuredmedia":[{"embeddable":true,"href":"https:\/\/apacs.com.br\/site\/wp-json\/wp\/v2\/media\/21271"}],"wp:attachment":[{"href":"https:\/\/apacs.com.br\/site\/wp-json\/wp\/v2\/media?parent=20656"}],"wp:term":[{"taxonomy":"product_brand","embeddable":true,"href":"https:\/\/apacs.com.br\/site\/wp-json\/wp\/v2\/product_brand?post=20656"},{"taxonomy":"product_cat","embeddable":true,"href":"https:\/\/apacs.com.br\/site\/wp-json\/wp\/v2\/product_cat?post=20656"},{"taxonomy":"product_tag","embeddable":true,"href":"https:\/\/apacs.com.br\/site\/wp-json\/wp\/v2\/product_tag?post=20656"}],"curies":[{"name":"wp","href":"https:\/\/api.w.org\/{rel}","templated":true}]}}