{"id":20650,"date":"2024-04-13T17:12:51","date_gmt":"2024-04-13T20:12:51","guid":{"rendered":"https:\/\/apacs.com.br\/site\/?post_type=product&#038;p=20650"},"modified":"2024-12-05T14:04:05","modified_gmt":"2024-12-05T17:04:05","slug":"pinga-ni-mim-prata-670-ml","status":"publish","type":"product","link":"https:\/\/apacs.com.br\/site\/product\/pinga-ni-mim-prata-670-ml\/","title":{"rendered":"Pinga Ni Mim (Prata) 670 ml"},"content":{"rendered":"<p>A cacha\u00e7a Meia Lua Pinga ni Mim, \u00e9 uma homenagem ao cantor e ator, S\u00e9rgio Reis, que tem a m\u00fasica como marco na sua carreira de grande artista nacional. Lan\u00e7ada nos anos 80 a m\u00fasica Pinga Ni Mim ultrapassa gera\u00e7\u00f5es e \u00e9 sucesso at\u00e9 hoje em todos os shows em que \u00e9 apresentada.<\/p>\n<p>A cacha\u00e7a Pinga ni mim Prata \u00e9 armazenada por dois anos em barris de jequitib\u00e1, o que confere\u00a0\u00a0uma cacha\u00e7a mais leve e agrad\u00e1vel, preservando a cor clara.<\/p>\n<ul>\n<li>Madeira:\u00a0Jequitib\u00e1<\/li>\n<li>Grad. Alco\u00f3lica:\u00a040%<\/li>\n<li>Volume: 670 ml<\/li>\n<li>Tempo de Envelhecimento: 2\u00a0anos<\/li>\n<li>Origem:\u00a0Salinas\/MG<\/li>\n<li>Colora\u00e7\u00e3o:\u00a0Branca incolor<\/li>\n<\/ul>\n","protected":false},"excerpt":{"rendered":"<p>A cacha\u00e7a Meia Lua Pinga ni Mim, \u00e9 uma homenagem ao cantor e ator, S\u00e9rgio Reis, que tem a m\u00fasica como marco na sua carreira de grande artista nacional. Lan\u00e7ada&hellip;<\/p>\n","protected":false},"featured_media":21168,"comment_status":"closed","ping_status":"closed","template":"","meta":[],"product_brand":[],"product_cat":[185,182,183,227],"product_tag":[],"class_list":{"0":"post-20650","1":"product","2":"type-product","3":"status-publish","4":"has-post-thumbnail","6":"product_cat-2-anos","7":"product_cat-cachaca-dourada","8":"product_cat-marcas","9":"product_cat-pinga-ni-mim","11":"first","12":"instock","13":"taxable","14":"shipping-taxable","15":"purchasable","16":"product-type-simple"},"_links":{"self":[{"href":"https:\/\/apacs.com.br\/site\/wp-json\/wp\/v2\/product\/20650","targetHints":{"allow":["GET"]}}],"collection":[{"href":"https:\/\/apacs.com.br\/site\/wp-json\/wp\/v2\/product"}],"about":[{"href":"https:\/\/apacs.com.br\/site\/wp-json\/wp\/v2\/types\/product"}],"replies":[{"embeddable":true,"href":"https:\/\/apacs.com.br\/site\/wp-json\/wp\/v2\/comments?post=20650"}],"wp:featuredmedia":[{"embeddable":true,"href":"https:\/\/apacs.com.br\/site\/wp-json\/wp\/v2\/media\/21168"}],"wp:attachment":[{"href":"https:\/\/apacs.com.br\/site\/wp-json\/wp\/v2\/media?parent=20650"}],"wp:term":[{"taxonomy":"product_brand","embeddable":true,"href":"https:\/\/apacs.com.br\/site\/wp-json\/wp\/v2\/product_brand?post=20650"},{"taxonomy":"product_cat","embeddable":true,"href":"https:\/\/apacs.com.br\/site\/wp-json\/wp\/v2\/product_cat?post=20650"},{"taxonomy":"product_tag","embeddable":true,"href":"https:\/\/apacs.com.br\/site\/wp-json\/wp\/v2\/product_tag?post=20650"}],"curies":[{"name":"wp","href":"https:\/\/api.w.org\/{rel}","templated":true}]}}