{"id":20649,"date":"2024-04-13T17:12:51","date_gmt":"2024-04-13T20:12:51","guid":{"rendered":"https:\/\/apacs.com.br\/site\/?post_type=product&#038;p=20649"},"modified":"2024-10-28T13:10:20","modified_gmt":"2024-10-28T16:10:20","slug":"pinga-ni-mim-balsamo-670-ml","status":"publish","type":"product","link":"https:\/\/apacs.com.br\/site\/product\/pinga-ni-mim-balsamo-670-ml\/","title":{"rendered":"Pinga Ni Mim (B\u00e1lsamo) 670 ml"},"content":{"rendered":"<p>A Cacha\u00e7a Pinga ni Mim, produzida pela Meia Lua Destilaria, \u00e9 uma\u00a0homenagem ao cantor e ator, S\u00e9rgio Reis, que tem a m\u00fasica como marco na sua carreira de grande artista nacional. Lan\u00e7ada nos anos 80 a m\u00fasica Pinga Ni Mim ultrapassa gera\u00e7\u00f5es e \u00e9 sucesso at\u00e9 hoje em todos os shows em que \u00e9 apresentada.<\/p>\n<p>A Cacha\u00e7a Pinga Ni Mim B\u00e1lsamo \u00e9 uma cacha\u00e7a destilada em alambiques de cobre e armazenada por 2 anos em ton\u00e9is de b\u00e1lsamo, tradicional madeira de Salinas. Cacha\u00e7a que se destaca por ser leve e agrad\u00e1vel,\u00a0apresenta aroma e sabor equilibrados com notas de especiarias.<\/p>\n<ul>\n<li>Madeira:\u00a0B\u00e1lsamo<\/li>\n<li>Grad. Alco\u00f3lica:\u00a040%<\/li>\n<li>Volume: 670 ml<\/li>\n<li>Tempo de Envelhecimento: 2\u00a0anos<\/li>\n<li>Origem:\u00a0Salinas\/MG &#8211; Brasil<\/li>\n<li>Colora\u00e7\u00e3o:\u00a0Amarelo esverdeado<\/li>\n<\/ul>\n","protected":false},"excerpt":{"rendered":"<p>A Cacha\u00e7a Pinga ni Mim, produzida pela Meia Lua Destilaria, \u00e9 uma\u00a0homenagem ao cantor e ator, S\u00e9rgio Reis, que tem a m\u00fasica como marco na sua carreira de grande artista&hellip;<\/p>\n","protected":false},"featured_media":21167,"comment_status":"closed","ping_status":"closed","template":"","meta":[],"product_brand":[],"product_cat":[185,182,183,227],"product_tag":[],"class_list":{"0":"post-20649","1":"product","2":"type-product","3":"status-publish","4":"has-post-thumbnail","6":"product_cat-2-anos","7":"product_cat-cachaca-dourada","8":"product_cat-marcas","9":"product_cat-pinga-ni-mim","11":"first","12":"instock","13":"taxable","14":"shipping-taxable","15":"purchasable","16":"product-type-simple"},"_links":{"self":[{"href":"https:\/\/apacs.com.br\/site\/wp-json\/wp\/v2\/product\/20649","targetHints":{"allow":["GET"]}}],"collection":[{"href":"https:\/\/apacs.com.br\/site\/wp-json\/wp\/v2\/product"}],"about":[{"href":"https:\/\/apacs.com.br\/site\/wp-json\/wp\/v2\/types\/product"}],"replies":[{"embeddable":true,"href":"https:\/\/apacs.com.br\/site\/wp-json\/wp\/v2\/comments?post=20649"}],"wp:featuredmedia":[{"embeddable":true,"href":"https:\/\/apacs.com.br\/site\/wp-json\/wp\/v2\/media\/21167"}],"wp:attachment":[{"href":"https:\/\/apacs.com.br\/site\/wp-json\/wp\/v2\/media?parent=20649"}],"wp:term":[{"taxonomy":"product_brand","embeddable":true,"href":"https:\/\/apacs.com.br\/site\/wp-json\/wp\/v2\/product_brand?post=20649"},{"taxonomy":"product_cat","embeddable":true,"href":"https:\/\/apacs.com.br\/site\/wp-json\/wp\/v2\/product_cat?post=20649"},{"taxonomy":"product_tag","embeddable":true,"href":"https:\/\/apacs.com.br\/site\/wp-json\/wp\/v2\/product_tag?post=20649"}],"curies":[{"name":"wp","href":"https:\/\/api.w.org\/{rel}","templated":true}]}}