{"id":20643,"date":"2024-04-13T17:12:29","date_gmt":"2024-04-13T20:12:29","guid":{"rendered":"https:\/\/apacs.com.br\/site\/?post_type=product&#038;p=20643"},"modified":"2025-10-03T10:35:01","modified_gmt":"2025-10-03T13:35:01","slug":"sabor-de-minas-balsamo-50-ml","status":"publish","type":"product","link":"https:\/\/apacs.com.br\/site\/product\/sabor-de-minas-balsamo-50-ml\/","title":{"rendered":"SABOR DE MINAS (B\u00e1lsamo) 50 ML"},"content":{"rendered":"<p>Esta \u00e9 um cacha\u00e7a com envelhecimento por 02 (dois) anos em t\u00f3neis de b\u00e1lsamo e jequitib\u00e1,baix\u00edssima acidez e gradua\u00e7\u00e3o alco\u00f3lica de 42 GL , garantem a cacha\u00e7a\u00a0<strong>Sabor de Minas<\/strong>\u00a0um agrad\u00e1vel e incompar\u00e1vel sabor, destacando-se entre as melhores de Salinas, tanto pelo seu suave paladar como pela sua qualidade.<\/p>\n<p>Grad. Alcool.: 42,0 % Vol.)<br \/>\nProduzida na cidade de\u00a0Salinas(MG)<br \/>\nTempo de Envelhecimento: 2 Anos<br \/>\nConte\u00fado : 50\u00a0ml minituatura<\/p>\n<p>Prazo de Validade : Indeterminado<\/p>\n","protected":false},"excerpt":{"rendered":"<p>Cacha\u00e7a Sabor de Minas (B\u00e1lsamo) 50 ml<\/p>\n","protected":false},"featured_media":20697,"comment_status":"closed","ping_status":"closed","template":"","meta":[],"product_brand":[],"product_cat":[182,183,211],"product_tag":[],"class_list":{"0":"post-20643","1":"product","2":"type-product","3":"status-publish","4":"has-post-thumbnail","6":"product_cat-cachaca-dourada","7":"product_cat-marcas","8":"product_cat-sabor-de-minas","10":"first","11":"instock","12":"taxable","13":"shipping-taxable","14":"purchasable","15":"product-type-simple"},"_links":{"self":[{"href":"https:\/\/apacs.com.br\/site\/wp-json\/wp\/v2\/product\/20643","targetHints":{"allow":["GET"]}}],"collection":[{"href":"https:\/\/apacs.com.br\/site\/wp-json\/wp\/v2\/product"}],"about":[{"href":"https:\/\/apacs.com.br\/site\/wp-json\/wp\/v2\/types\/product"}],"replies":[{"embeddable":true,"href":"https:\/\/apacs.com.br\/site\/wp-json\/wp\/v2\/comments?post=20643"}],"wp:featuredmedia":[{"embeddable":true,"href":"https:\/\/apacs.com.br\/site\/wp-json\/wp\/v2\/media\/20697"}],"wp:attachment":[{"href":"https:\/\/apacs.com.br\/site\/wp-json\/wp\/v2\/media?parent=20643"}],"wp:term":[{"taxonomy":"product_brand","embeddable":true,"href":"https:\/\/apacs.com.br\/site\/wp-json\/wp\/v2\/product_brand?post=20643"},{"taxonomy":"product_cat","embeddable":true,"href":"https:\/\/apacs.com.br\/site\/wp-json\/wp\/v2\/product_cat?post=20643"},{"taxonomy":"product_tag","embeddable":true,"href":"https:\/\/apacs.com.br\/site\/wp-json\/wp\/v2\/product_tag?post=20643"}],"curies":[{"name":"wp","href":"https:\/\/api.w.org\/{rel}","templated":true}]}}