{"id":20637,"date":"2024-04-13T17:12:06","date_gmt":"2024-04-13T20:12:06","guid":{"rendered":"https:\/\/apacs.com.br\/site\/?post_type=product&#038;p=20637"},"modified":"2024-10-28T13:27:53","modified_gmt":"2024-10-28T16:27:53","slug":"tiziu-unica-10-anos","status":"publish","type":"product","link":"https:\/\/apacs.com.br\/site\/product\/tiziu-unica-10-anos\/","title":{"rendered":"Tiziu \u00fanica (10 ANOS)"},"content":{"rendered":"<p><strong>Tiziu \u00danica\u00a0<\/strong><\/p>\n<p>A Tziu \u00danica (44%) \u00e9 a cacha\u00e7a top de linha da nossa marca. Lentamente maturada em barris de b\u00e1lsamo\u00a0 (por 10 anos) \u00e9 uma bebida elegante e extremamente saborosa. Os leves toques de adstring\u00eancia caracter\u00edsticos, os acentuado sabores de especiarias, a do\u00e7ura, tudo isso vem embalado em uma bebida encorpada e expressiva. Sem d\u00favida,\u00a0 degustar essa variedade da Tziu, \u00e9 uma experi\u00eancia \u00daNICA.<\/p>\n","protected":false},"excerpt":{"rendered":"<ul>\n<li>Sabor: Balsamo<\/li>\n<li>Origem: Salinas MG<\/li>\n<li>Gradua\u00e7\u00e3o alco\u00f3lica: 44<\/li>\n<li>Volume da unidade: 670ml<\/li>\n<li>Envelhecimento: 10 anos<\/li>\n<li>Linha: Envelhecida<\/li>\n<li>Formato de venda: und<\/li>\n<li>Unidades por kit: 1<\/li>\n<li>Inclui estojo: N\u00e3o<\/li>\n<li>Com dupla destila\u00e7\u00e3o: N\u00e3o<\/li>\n<li>Proibiu sua venda a menores de 18 anos: Sim<\/li>\n<li>Inclui acess\u00f3rios: N\u00e3o<\/li>\n<li>Modelo: tradicional<\/li>\n<\/ul>\n","protected":false},"featured_media":21232,"comment_status":"closed","ping_status":"closed","template":"","meta":[],"product_brand":[],"product_cat":[230,182,229],"product_tag":[],"class_list":{"0":"post-20637","1":"product","2":"type-product","3":"status-publish","4":"has-post-thumbnail","6":"product_cat-10-anos","7":"product_cat-cachaca-dourada","8":"product_cat-tiziu","10":"first","11":"instock","12":"taxable","13":"shipping-taxable","14":"purchasable","15":"product-type-simple"},"_links":{"self":[{"href":"https:\/\/apacs.com.br\/site\/wp-json\/wp\/v2\/product\/20637","targetHints":{"allow":["GET"]}}],"collection":[{"href":"https:\/\/apacs.com.br\/site\/wp-json\/wp\/v2\/product"}],"about":[{"href":"https:\/\/apacs.com.br\/site\/wp-json\/wp\/v2\/types\/product"}],"replies":[{"embeddable":true,"href":"https:\/\/apacs.com.br\/site\/wp-json\/wp\/v2\/comments?post=20637"}],"wp:featuredmedia":[{"embeddable":true,"href":"https:\/\/apacs.com.br\/site\/wp-json\/wp\/v2\/media\/21232"}],"wp:attachment":[{"href":"https:\/\/apacs.com.br\/site\/wp-json\/wp\/v2\/media?parent=20637"}],"wp:term":[{"taxonomy":"product_brand","embeddable":true,"href":"https:\/\/apacs.com.br\/site\/wp-json\/wp\/v2\/product_brand?post=20637"},{"taxonomy":"product_cat","embeddable":true,"href":"https:\/\/apacs.com.br\/site\/wp-json\/wp\/v2\/product_cat?post=20637"},{"taxonomy":"product_tag","embeddable":true,"href":"https:\/\/apacs.com.br\/site\/wp-json\/wp\/v2\/product_tag?post=20637"}],"curies":[{"name":"wp","href":"https:\/\/api.w.org\/{rel}","templated":true}]}}