{"id":20632,"date":"2024-04-13T17:12:06","date_gmt":"2024-04-13T20:12:06","guid":{"rendered":"https:\/\/apacs.com.br\/site\/?post_type=product&#038;p=20632"},"modified":"2024-12-05T14:09:25","modified_gmt":"2024-12-05T17:09:25","slug":"tziu-jaqueira-jaqueira-670ml","status":"publish","type":"product","link":"https:\/\/apacs.com.br\/site\/product\/tziu-jaqueira-jaqueira-670ml\/","title":{"rendered":"TZIU JAQUEIRA (Jaqueira) 670ML"},"content":{"rendered":"<p>A Tiziu \u00e9 produzida na famosa regi\u00e3o de Salinas, Minas Gerais. A\u00a0cacha\u00e7a diferencia-se\u00a0pelo envelhecimento do destilado na madeira jaqueira, a mesma da \u00e1rvore que produz a fruta jaca.\u00a0De forte colora\u00e7\u00e3o amarelo brilhante, Tiziu Jaqueira apresenta-se l\u00edmpida e cristalina.\u00a0Sensorialmente muito rica agu\u00e7a-nos os sentidos. O teor alco\u00f3lico mais alto faz aflorar com facilidade aromas de frutas maduras e ervas.\u00a0Notas de baunilha podem ser facilmente identificadas no sabor. Retrogosto mais amargo mas n\u00e3o agressivo. Desce macio e suave.\u00a0Para os que procuram uma bebida mais alco\u00f3lica, encorpada, e que esta aberto a novas e inusitadas experi\u00eancias sensoriais, \u00e9 uma \u00f3tima pedida.<\/p>\n<ul>\n<li>Madeira:\u00a0Jaqueira<\/li>\n<li>Grad. Alco\u00f3lica:\u00a047%<\/li>\n<li>Volume: 670 ml<\/li>\n<li>Tempo de Envelhecimento: 3 anos<\/li>\n<li>Origem:\u00a0Salinas\/MG<\/li>\n<li>Colora\u00e7\u00e3o:\u00a0Dourada<\/li>\n<li>An\u00e1lise:\u00a0Sensorialmente muito rica agu\u00e7a-nos os sentidos.<\/li>\n<\/ul>\n","protected":false},"excerpt":{"rendered":"<div class=\"title\">CARACTER\u00cdSTICAS<\/div>\n<div class=\"board_htm\">\n<div>\n<ul>\n<li>Sabor: Jaqueira<\/li>\n<li>Origem: Salinas MG<\/li>\n<li>Gradua\u00e7\u00e3o alco\u00f3lica: 47<\/li>\n<li>Volume da unidade: 670ml<\/li>\n<li>Envelhecimento: 3 anos<\/li>\n<li>Linha: Envelhecida<\/li>\n<li>Formato de venda: und<\/li>\n<li>Unidades por kit: 1<\/li>\n<li>Inclui estojo: N\u00e3o<\/li>\n<li>Com dupla destila\u00e7\u00e3o: N\u00e3o<\/li>\n<li>Tempo em barrica: 3 anos<\/li>\n<li>Proibiu sua venda a menores de 18 anos: Sim<\/li>\n<li>Inclui acess\u00f3rios: N\u00e3o<\/li>\n<li>Modelo: tradicional<\/li>\n<li>\u00c9 uma bebida sem \u00e1lcool: N\u00e3o<\/li>\n<\/ul>\n<\/div>\n<\/div>\n","protected":false},"featured_media":21231,"comment_status":"closed","ping_status":"closed","template":"","meta":[],"product_brand":[],"product_cat":[182,229],"product_tag":[],"class_list":{"0":"post-20632","1":"product","2":"type-product","3":"status-publish","4":"has-post-thumbnail","6":"product_cat-cachaca-dourada","7":"product_cat-tiziu","9":"first","10":"instock","11":"sale","12":"taxable","13":"shipping-taxable","14":"purchasable","15":"product-type-simple"},"_links":{"self":[{"href":"https:\/\/apacs.com.br\/site\/wp-json\/wp\/v2\/product\/20632","targetHints":{"allow":["GET"]}}],"collection":[{"href":"https:\/\/apacs.com.br\/site\/wp-json\/wp\/v2\/product"}],"about":[{"href":"https:\/\/apacs.com.br\/site\/wp-json\/wp\/v2\/types\/product"}],"replies":[{"embeddable":true,"href":"https:\/\/apacs.com.br\/site\/wp-json\/wp\/v2\/comments?post=20632"}],"wp:featuredmedia":[{"embeddable":true,"href":"https:\/\/apacs.com.br\/site\/wp-json\/wp\/v2\/media\/21231"}],"wp:attachment":[{"href":"https:\/\/apacs.com.br\/site\/wp-json\/wp\/v2\/media?parent=20632"}],"wp:term":[{"taxonomy":"product_brand","embeddable":true,"href":"https:\/\/apacs.com.br\/site\/wp-json\/wp\/v2\/product_brand?post=20632"},{"taxonomy":"product_cat","embeddable":true,"href":"https:\/\/apacs.com.br\/site\/wp-json\/wp\/v2\/product_cat?post=20632"},{"taxonomy":"product_tag","embeddable":true,"href":"https:\/\/apacs.com.br\/site\/wp-json\/wp\/v2\/product_tag?post=20632"}],"curies":[{"name":"wp","href":"https:\/\/api.w.org\/{rel}","templated":true}]}}