{"id":20591,"date":"2024-04-13T17:10:20","date_gmt":"2024-04-13T20:10:20","guid":{"rendered":"https:\/\/apacs.com.br\/site\/?post_type=product&#038;p=20591"},"modified":"2025-01-23T16:21:44","modified_gmt":"2025-01-23T19:21:44","slug":"cachaca-seleta-umburana-600-ml","status":"publish","type":"product","link":"https:\/\/apacs.com.br\/site\/product\/cachaca-seleta-umburana-600-ml\/","title":{"rendered":"Cacha\u00e7a Seleta (Umburana) 600 ml"},"content":{"rendered":"<p>A cacha\u00e7a artesanal mais vendida do pa\u00eds, como o pr\u00f3prio nome diz, \u00e9 feita a partir de canas rigorosamente\u00a0selecionadas. Envelhecida em ton\u00e9is de Umburana, planta\u00a0conhecida por suas caracter\u00edsticas curativas e digestivas, a\u00a0<strong>Seleta<\/strong>\u00a0tem uma grande suavidade e um sabor delicioso.<\/p>\n<p>Gradua\u00e7\u00e3o Alco\u00f3lica: 42%<br \/>\nTempo de Armazenamento: 2 anos<br \/>\nMadeira: Umburana<\/p>\n<p>A HIST\u00d3RIA DE UMA LENDA<\/p>\n<p>Da senzala para a casa grande.<\/p>\n<p>Essa frase resumiria a hist\u00f3ria e origem da cacha\u00e7a no Brasil. Foi gra\u00e7as \u00e0 criatividade e ousadia dos negros escravos que saboreamos a mais brasileira de todas as bebidas, a cacha\u00e7a, uma das mais belas express\u00f5es da cultura brasileira.<\/p>\n<p>A Seleta, maior produtora de cacha\u00e7a artesanal do Brasil, acompanha e participa ativamente do crescimento e evolu\u00e7\u00e3o desse mercado, afinal, s\u00e3o mais de 40 anos produzindo r\u00f3tulos de qualidade, sabor e inspira\u00e7\u00e3o singulares. A empresa possui al\u00e9m da f\u00e1brica, uma tanoaria, uma engarrafadora e galp\u00f5es pr\u00f3prios.<\/p>\n<p>O lugar escolhido n\u00e3o poderia ser melhor. Salinas, cidade localizada no sert\u00e3o de Minas Gerais, \u00e9 conhecida como a Capital Mundial da Cacha\u00e7a e recebeu o Selo de Indica\u00e7\u00e3o Geogr\u00e1fica pelo INPI em 2012. As caracter\u00edsticas do clima, solo e localiza\u00e7\u00e3o geogr\u00e1fica favorecem o desenvolvimento de uma variedade de leveduras selvagens especiais, respons\u00e1veis pela qualidade e sabor das cacha\u00e7as produzidas pela Seleta.<\/p>\n<p>Em cada garrafa h\u00e1 um pedacinho do Brasil. \u00c9, sem d\u00favida, a bebida mais representativa da alma nacional.<\/p>\n<p><a href=\"http:\/\/cachacaseleta.com.br\/\" target=\"_blank\" rel=\"noopener noreferrer\">http:\/\/cachacaseleta.com.br\/<\/a><\/p>\n","protected":false},"excerpt":{"rendered":"<p>Cacha\u00e7a Seleta (Umburana) 600 ml<\/p>\n","protected":false},"featured_media":21223,"comment_status":"closed","ping_status":"closed","template":"","meta":[],"product_brand":[],"product_cat":[182,183,221],"product_tag":[],"class_list":{"0":"post-20591","1":"product","2":"type-product","3":"status-publish","4":"has-post-thumbnail","6":"product_cat-cachaca-dourada","7":"product_cat-marcas","8":"product_cat-seleta","10":"first","11":"instock","12":"taxable","13":"shipping-taxable","14":"purchasable","15":"product-type-simple"},"_links":{"self":[{"href":"https:\/\/apacs.com.br\/site\/wp-json\/wp\/v2\/product\/20591","targetHints":{"allow":["GET"]}}],"collection":[{"href":"https:\/\/apacs.com.br\/site\/wp-json\/wp\/v2\/product"}],"about":[{"href":"https:\/\/apacs.com.br\/site\/wp-json\/wp\/v2\/types\/product"}],"replies":[{"embeddable":true,"href":"https:\/\/apacs.com.br\/site\/wp-json\/wp\/v2\/comments?post=20591"}],"wp:featuredmedia":[{"embeddable":true,"href":"https:\/\/apacs.com.br\/site\/wp-json\/wp\/v2\/media\/21223"}],"wp:attachment":[{"href":"https:\/\/apacs.com.br\/site\/wp-json\/wp\/v2\/media?parent=20591"}],"wp:term":[{"taxonomy":"product_brand","embeddable":true,"href":"https:\/\/apacs.com.br\/site\/wp-json\/wp\/v2\/product_brand?post=20591"},{"taxonomy":"product_cat","embeddable":true,"href":"https:\/\/apacs.com.br\/site\/wp-json\/wp\/v2\/product_cat?post=20591"},{"taxonomy":"product_tag","embeddable":true,"href":"https:\/\/apacs.com.br\/site\/wp-json\/wp\/v2\/product_tag?post=20591"}],"curies":[{"name":"wp","href":"https:\/\/api.w.org\/{rel}","templated":true}]}}