{"id":20575,"date":"2024-04-13T17:09:56","date_gmt":"2024-04-13T20:09:56","guid":{"rendered":"https:\/\/apacs.com.br\/site\/?post_type=product&#038;p=20575"},"modified":"2024-10-30T15:45:51","modified_gmt":"2024-10-30T18:45:51","slug":"cachaca-hanavilhana-jequitiba-670-ml","status":"publish","type":"product","link":"https:\/\/apacs.com.br\/site\/product\/cachaca-hanavilhana-jequitiba-670-ml\/","title":{"rendered":"Cacha\u00e7a Hanavilhana (Jequitib\u00e1) 670 ml"},"content":{"rendered":"","protected":false},"excerpt":{"rendered":"<p>Cacha\u00e7a Hanavilhana (Jequitib\u00e1) 670 ml<\/p>\n","protected":false},"featured_media":21113,"comment_status":"closed","ping_status":"closed","template":"","meta":[],"product_brand":[],"product_cat":[190,219,183],"product_tag":[],"class_list":{"0":"post-20575","1":"product","2":"type-product","3":"status-publish","4":"has-post-thumbnail","6":"product_cat-cachaca-incolor","7":"product_cat-hanavilhana","8":"product_cat-marcas","10":"first","11":"instock","12":"sale","13":"taxable","14":"shipping-taxable","15":"purchasable","16":"product-type-simple"},"_links":{"self":[{"href":"https:\/\/apacs.com.br\/site\/wp-json\/wp\/v2\/product\/20575","targetHints":{"allow":["GET"]}}],"collection":[{"href":"https:\/\/apacs.com.br\/site\/wp-json\/wp\/v2\/product"}],"about":[{"href":"https:\/\/apacs.com.br\/site\/wp-json\/wp\/v2\/types\/product"}],"replies":[{"embeddable":true,"href":"https:\/\/apacs.com.br\/site\/wp-json\/wp\/v2\/comments?post=20575"}],"wp:featuredmedia":[{"embeddable":true,"href":"https:\/\/apacs.com.br\/site\/wp-json\/wp\/v2\/media\/21113"}],"wp:attachment":[{"href":"https:\/\/apacs.com.br\/site\/wp-json\/wp\/v2\/media?parent=20575"}],"wp:term":[{"taxonomy":"product_brand","embeddable":true,"href":"https:\/\/apacs.com.br\/site\/wp-json\/wp\/v2\/product_brand?post=20575"},{"taxonomy":"product_cat","embeddable":true,"href":"https:\/\/apacs.com.br\/site\/wp-json\/wp\/v2\/product_cat?post=20575"},{"taxonomy":"product_tag","embeddable":true,"href":"https:\/\/apacs.com.br\/site\/wp-json\/wp\/v2\/product_tag?post=20575"}],"curies":[{"name":"wp","href":"https:\/\/api.w.org\/{rel}","templated":true}]}}