{"id":20574,"date":"2024-04-13T17:09:56","date_gmt":"2024-04-13T20:09:56","guid":{"rendered":"https:\/\/apacs.com.br\/site\/?post_type=product&#038;p=20574"},"modified":"2025-11-28T11:05:56","modified_gmt":"2025-11-28T14:05:56","slug":"cachaca-havana-balsamo-600-ml","status":"publish","type":"product","link":"https:\/\/apacs.com.br\/site\/product\/cachaca-havana-balsamo-600-ml\/","title":{"rendered":"Cacha\u00e7a Havana (B\u00e1lsamo) 600 ml"},"content":{"rendered":"<p>A\u00a0<strong>Cacha\u00e7a Havana<\/strong>\u00a0\u00e9 produzida desde 1943 em Salinas (MG), a cacha\u00e7a Havana sempre \u00e9 apontada pelos especialistas como uma das melhores do pa\u00eds.<\/p>\n<p>Fabricada em Salinas-MG, capital da cacha\u00e7a artesanal, desde 1943. A<strong>\u00a0cacha\u00e7a Havana<\/strong>\u00a0det\u00e9m v\u00e1rios t\u00edtulos de melhor cacha\u00e7a do Brasil.<\/p>\n<p>A cacha\u00e7a Havana \u00e9 envelhecida 12 anos em ton\u00e9is de b\u00e1lsamo, e sua produ\u00e7\u00e3o \u00e9 limitada o que garante sua alta qualidade al\u00e9m de tornar a bebida um verdadeiro objeto de desejo.<\/p>\n<p>N\u00e3o obstante a todo mito e hist\u00f3rias que circundam a bebida, a cacha\u00e7a Havana \u00e9 tida como uma das melhores do Pa\u00eds e j\u00e1 foi premiada em v\u00e1rios concursos. O mais recente foi dado pela revista Playboy onde ficou em 1\u00ba lugar o ranking top 20 cacha\u00e7a Brasil \u2013 abril de 2009.<\/p>\n<p><a href=\"http:\/\/redeglobo.globo.com\/sp\/eptv\/caminhos-da-roca\/platb\/2013\/11\/a-cachaca-mais-famosa-e-tambem-a-mais-cara-do-brasil\/\" target=\"_blank\" rel=\"noopener noreferrer\">http:\/\/redeglobo.globo.com\/sp\/eptv\/caminhos-da-roca\/platb\/2013\/11\/a-cachaca-mais-famosa-e-tambem-a-mais-cara-do-brasil\/<\/a><\/p>\n","protected":false},"excerpt":{"rendered":"<p>Cacha\u00e7a Havana (B\u00e1lsamo) 600 ml<\/p>\n","protected":false},"featured_media":21115,"comment_status":"closed","ping_status":"closed","template":"","meta":[],"product_brand":[],"product_cat":[182,218,183],"product_tag":[],"class_list":{"0":"post-20574","1":"product","2":"type-product","3":"status-publish","4":"has-post-thumbnail","6":"product_cat-cachaca-dourada","7":"product_cat-havana","8":"product_cat-marcas","10":"first","11":"instock","12":"sale","13":"taxable","14":"shipping-taxable","15":"purchasable","16":"product-type-simple"},"_links":{"self":[{"href":"https:\/\/apacs.com.br\/site\/wp-json\/wp\/v2\/product\/20574","targetHints":{"allow":["GET"]}}],"collection":[{"href":"https:\/\/apacs.com.br\/site\/wp-json\/wp\/v2\/product"}],"about":[{"href":"https:\/\/apacs.com.br\/site\/wp-json\/wp\/v2\/types\/product"}],"replies":[{"embeddable":true,"href":"https:\/\/apacs.com.br\/site\/wp-json\/wp\/v2\/comments?post=20574"}],"wp:featuredmedia":[{"embeddable":true,"href":"https:\/\/apacs.com.br\/site\/wp-json\/wp\/v2\/media\/21115"}],"wp:attachment":[{"href":"https:\/\/apacs.com.br\/site\/wp-json\/wp\/v2\/media?parent=20574"}],"wp:term":[{"taxonomy":"product_brand","embeddable":true,"href":"https:\/\/apacs.com.br\/site\/wp-json\/wp\/v2\/product_brand?post=20574"},{"taxonomy":"product_cat","embeddable":true,"href":"https:\/\/apacs.com.br\/site\/wp-json\/wp\/v2\/product_cat?post=20574"},{"taxonomy":"product_tag","embeddable":true,"href":"https:\/\/apacs.com.br\/site\/wp-json\/wp\/v2\/product_tag?post=20574"}],"curies":[{"name":"wp","href":"https:\/\/api.w.org\/{rel}","templated":true}]}}