{"id":20573,"date":"2024-04-13T17:09:56","date_gmt":"2024-04-13T20:09:56","guid":{"rendered":"https:\/\/apacs.com.br\/site\/?post_type=product&#038;p=20573"},"modified":"2025-11-28T11:02:59","modified_gmt":"2025-11-28T14:02:59","slug":"cachaca-anisio-santiago-balsamo-600-ml","status":"publish","type":"product","link":"https:\/\/apacs.com.br\/site\/product\/cachaca-anisio-santiago-balsamo-600-ml\/","title":{"rendered":"Cacha\u00e7a An\u00edsio Santiago (B\u00e1lsamo) 600 ml"},"content":{"rendered":"<p>A\u00a0<strong>cacha\u00e7a An\u00edsio Santiago<\/strong>\u00a0produzida em Salinas, Minas Gerais \u00e9 a antiga\u00a0<strong>CACHA\u00c7A HAVANA<\/strong>. Muito mais que uma cacha\u00e7a &#8211; \u00e9 um mito<\/p>\n<p>A\u00a0<strong>An\u00edsio Santiago<\/strong>\u00a0\u00e9 produzida na Fazenda Havana em Salinas (MG) pela tradicional fam\u00edlia Santiago &#8211; os produtores da mundialmente consagrada Cacha\u00e7a Havana.<\/p>\n<p>\u00c9 considerada uma das melhores cacha\u00e7as do mundo, sua comercializa\u00e7\u00e3o \u00e9 muito reservada e sua produ\u00e7\u00e3o \u00e9 de aprox. 7.000 litros anuais. Uma cacha\u00e7a forte, facilmente identificada pelo aroma de madeira seca e por um leve amargor que permanece na boca.<\/p>\n<p><a href=\"http:\/\/redeglobo.globo.com\/sp\/eptv\/caminhos-da-roca\/platb\/2013\/11\/a-cachaca-mais-famosa-e-tambem-a-mais-cara-do-brasil\/\" target=\"_blank\" rel=\"noopener noreferrer\">http:\/\/redeglobo.globo.com\/sp\/eptv\/caminhos-da-roca\/platb\/2013\/11\/a-cachaca-mais-famosa-e-tambem-a-mais-cara-do-brasil\/<\/a><\/p>\n","protected":false},"excerpt":{"rendered":"<p>Cacha\u00e7a An\u00edsio Santiago (B\u00e1lsamo) 600 ml<\/p>\n","protected":false},"featured_media":21073,"comment_status":"closed","ping_status":"closed","template":"","meta":[],"product_brand":[],"product_cat":[217,182,183],"product_tag":[],"class_list":{"0":"post-20573","1":"product","2":"type-product","3":"status-publish","4":"has-post-thumbnail","6":"product_cat-anisio-santiago","7":"product_cat-cachaca-dourada","8":"product_cat-marcas","10":"first","11":"instock","12":"sale","13":"taxable","14":"shipping-taxable","15":"purchasable","16":"product-type-simple"},"_links":{"self":[{"href":"https:\/\/apacs.com.br\/site\/wp-json\/wp\/v2\/product\/20573","targetHints":{"allow":["GET"]}}],"collection":[{"href":"https:\/\/apacs.com.br\/site\/wp-json\/wp\/v2\/product"}],"about":[{"href":"https:\/\/apacs.com.br\/site\/wp-json\/wp\/v2\/types\/product"}],"replies":[{"embeddable":true,"href":"https:\/\/apacs.com.br\/site\/wp-json\/wp\/v2\/comments?post=20573"}],"wp:featuredmedia":[{"embeddable":true,"href":"https:\/\/apacs.com.br\/site\/wp-json\/wp\/v2\/media\/21073"}],"wp:attachment":[{"href":"https:\/\/apacs.com.br\/site\/wp-json\/wp\/v2\/media?parent=20573"}],"wp:term":[{"taxonomy":"product_brand","embeddable":true,"href":"https:\/\/apacs.com.br\/site\/wp-json\/wp\/v2\/product_brand?post=20573"},{"taxonomy":"product_cat","embeddable":true,"href":"https:\/\/apacs.com.br\/site\/wp-json\/wp\/v2\/product_cat?post=20573"},{"taxonomy":"product_tag","embeddable":true,"href":"https:\/\/apacs.com.br\/site\/wp-json\/wp\/v2\/product_tag?post=20573"}],"curies":[{"name":"wp","href":"https:\/\/api.w.org\/{rel}","templated":true}]}}