{"id":20550,"date":"2024-04-13T17:08:50","date_gmt":"2024-04-13T20:08:50","guid":{"rendered":"https:\/\/apacs.com.br\/site\/?post_type=product&#038;p=20550"},"modified":"2024-08-16T08:54:23","modified_gmt":"2024-08-16T11:54:23","slug":"cachaca-sabor-de-minas-porc-oval-balsamo-670-ml","status":"publish","type":"product","link":"https:\/\/apacs.com.br\/site\/product\/cachaca-sabor-de-minas-porc-oval-balsamo-670-ml\/","title":{"rendered":"Cacha\u00e7a Sabor de Minas Porc. Oval (B\u00e1lsamo) 670 ml"},"content":{"rendered":"<p><strong>Cacha\u00e7a Sabor de Minas &#8211; \u00a0Porcelana Oval<\/strong><\/p>\n<p>Em Salinas, Capital Mundial da Cacha\u00e7a, a\u00a0<strong>Cacha\u00e7a Sabor de Minas<\/strong>\u00a0se destaca entre as melhores da regi\u00e3o. Armazenada em ton\u00e9is de b\u00e1lsamo e jequitib\u00e1, com baix\u00edssima acidez, gradua\u00e7\u00e3o alco\u00f3lica de 42\u00ba e um bouquet suave com sabor incompar\u00e1vel,\u00a0 \u00e9 ideal para ser degustada pura ou em coquet\u00e9is.<\/p>\n<p>Al\u00e9m de todo este zelo na fabrica\u00e7\u00e3o, a\u00a0<strong>Cacha\u00e7a Sabor de Minas<\/strong>\u00a0conta ainda com o aval da consagrada tradi\u00e7\u00e3o das cacha\u00e7as de Salinas. Modernas instala\u00e7\u00f5es, excelente infra-estrutura e laborat\u00f3rio pr\u00f3prio possibilitam uma an\u00e1lise passo a passo na produ\u00e7\u00e3o da cacha\u00e7a, o que assegura um rigoroso e padronizado controle de qualidade.<\/p>\n<p>\u00c9 assim, aliando tradi\u00e7\u00e3o, modernidade e tecnologia, que a\u00a0<strong>Cacha\u00e7a Sabor de Minas<\/strong>\u00a0leva aos seus consumidores o melhor da cacha\u00e7a mineira.<\/p>\n<p><a href=\"http:\/\/www.cachacasabordeminas.com.br\/\" target=\"_blank\" rel=\"noopener noreferrer\">http:\/\/www.cachacasabordeminas.com.br\/<\/a><\/p>\n","protected":false},"excerpt":{"rendered":"<p>Cacha\u00e7a Sabor de Minas Porc. Oval (B\u00e1lsamo) 670 ml<\/p>\n","protected":false},"featured_media":20599,"comment_status":"closed","ping_status":"closed","template":"","meta":[],"product_brand":[],"product_cat":[182,183,211],"product_tag":[],"class_list":{"0":"post-20550","1":"product","2":"type-product","3":"status-publish","4":"has-post-thumbnail","6":"product_cat-cachaca-dourada","7":"product_cat-marcas","8":"product_cat-sabor-de-minas","10":"first","11":"instock","12":"sale","13":"taxable","14":"shipping-taxable","15":"purchasable","16":"product-type-simple"},"_links":{"self":[{"href":"https:\/\/apacs.com.br\/site\/wp-json\/wp\/v2\/product\/20550","targetHints":{"allow":["GET"]}}],"collection":[{"href":"https:\/\/apacs.com.br\/site\/wp-json\/wp\/v2\/product"}],"about":[{"href":"https:\/\/apacs.com.br\/site\/wp-json\/wp\/v2\/types\/product"}],"replies":[{"embeddable":true,"href":"https:\/\/apacs.com.br\/site\/wp-json\/wp\/v2\/comments?post=20550"}],"wp:featuredmedia":[{"embeddable":true,"href":"https:\/\/apacs.com.br\/site\/wp-json\/wp\/v2\/media\/20599"}],"wp:attachment":[{"href":"https:\/\/apacs.com.br\/site\/wp-json\/wp\/v2\/media?parent=20550"}],"wp:term":[{"taxonomy":"product_brand","embeddable":true,"href":"https:\/\/apacs.com.br\/site\/wp-json\/wp\/v2\/product_brand?post=20550"},{"taxonomy":"product_cat","embeddable":true,"href":"https:\/\/apacs.com.br\/site\/wp-json\/wp\/v2\/product_cat?post=20550"},{"taxonomy":"product_tag","embeddable":true,"href":"https:\/\/apacs.com.br\/site\/wp-json\/wp\/v2\/product_tag?post=20550"}],"curies":[{"name":"wp","href":"https:\/\/api.w.org\/{rel}","templated":true}]}}