{"id":20548,"date":"2024-04-13T17:08:50","date_gmt":"2024-04-13T20:08:50","guid":{"rendered":"https:\/\/apacs.com.br\/site\/?post_type=product&#038;p=20548"},"modified":"2024-08-16T08:54:49","modified_gmt":"2024-08-16T11:54:49","slug":"cachaca-sabor-de-minas-bolso-balsamo-250-ml","status":"publish","type":"product","link":"https:\/\/apacs.com.br\/site\/product\/cachaca-sabor-de-minas-bolso-balsamo-250-ml\/","title":{"rendered":"Cacha\u00e7a Sabor de Minas bolso (B\u00e1lsamo) 250 ml"},"content":{"rendered":"","protected":false},"excerpt":{"rendered":"<p>Cacha\u00e7a Sabor de Minas bolso (B\u00e1lsamo) 250 ml<\/p>\n","protected":false},"featured_media":0,"comment_status":"closed","ping_status":"closed","template":"","meta":[],"product_brand":[],"product_cat":[182,183,211],"product_tag":[],"class_list":{"0":"post-20548","1":"product","2":"type-product","3":"status-publish","5":"product_cat-cachaca-dourada","6":"product_cat-marcas","7":"product_cat-sabor-de-minas","9":"first","10":"instock","11":"sale","12":"taxable","13":"shipping-taxable","14":"purchasable","15":"product-type-simple"},"_links":{"self":[{"href":"https:\/\/apacs.com.br\/site\/wp-json\/wp\/v2\/product\/20548","targetHints":{"allow":["GET"]}}],"collection":[{"href":"https:\/\/apacs.com.br\/site\/wp-json\/wp\/v2\/product"}],"about":[{"href":"https:\/\/apacs.com.br\/site\/wp-json\/wp\/v2\/types\/product"}],"replies":[{"embeddable":true,"href":"https:\/\/apacs.com.br\/site\/wp-json\/wp\/v2\/comments?post=20548"}],"wp:attachment":[{"href":"https:\/\/apacs.com.br\/site\/wp-json\/wp\/v2\/media?parent=20548"}],"wp:term":[{"taxonomy":"product_brand","embeddable":true,"href":"https:\/\/apacs.com.br\/site\/wp-json\/wp\/v2\/product_brand?post=20548"},{"taxonomy":"product_cat","embeddable":true,"href":"https:\/\/apacs.com.br\/site\/wp-json\/wp\/v2\/product_cat?post=20548"},{"taxonomy":"product_tag","embeddable":true,"href":"https:\/\/apacs.com.br\/site\/wp-json\/wp\/v2\/product_tag?post=20548"}],"curies":[{"name":"wp","href":"https:\/\/api.w.org\/{rel}","templated":true}]}}