{"id":20518,"date":"2024-04-13T17:07:38","date_gmt":"2024-04-13T20:07:38","guid":{"rendered":"https:\/\/apacs.com.br\/site\/?post_type=product&#038;p=20518"},"modified":"2025-01-22T16:22:20","modified_gmt":"2025-01-22T19:22:20","slug":"cachaca-sabinosa-ouro-7-anos-balsamo-700-ml","status":"publish","type":"product","link":"https:\/\/apacs.com.br\/site\/product\/cachaca-sabinosa-ouro-7-anos-balsamo-700-ml\/","title":{"rendered":"Cacha\u00e7a Sabinosa Ouro 7 anos (B\u00e1lsamo) 700 ml"},"content":{"rendered":"<p>A SABINOSA OURO re\u00fane diversos elementos imprescind\u00edveis em sua fabrica\u00e7\u00e3o :<\/p>\n<p>Foi produzida inicialmente em 1989 com o nome de Cacha\u00e7a Preciosa, a qual est\u00e1 entre as preferidas da regi\u00e3o de Salinas. Ela \u00e9 diferente devido seu envelhecimento ser em ton\u00e9is de b\u00e1\u00e7samo que possuem mais de 50 anos. Seu teor alco\u00f3lico pe alto 47% em volume, por\u00e9m pe uma cacha\u00e7a suave que muito agrada o paladar de seus apreciadores.<\/p>\n<p>1 &#8211; A dedica\u00e7\u00e3o e experi\u00eancia dos alambiqueiros ao longo de v\u00e1rias d\u00e9cadas ;<\/p>\n<p>2 &#8211; A natureza que propiciou a Salinas uma perfeita intera\u00e7\u00e3o solo, clima e cana-de-a\u00e7ucar, o que proporciona uma mat\u00e9ria prima de excelente qualidade ;<\/p>\n<p>3 &#8211; A fermenta\u00e7\u00e3o natural \u00e0 base de leveduras selvagens , fub\u00e1 de milho e farelo de arroz, sem acr\u00e9scimo de produtos qu\u00edmicos ;<\/p>\n<p>Teor Alcool.: 47 % Vol.<\/p>\n<p>Vis\u00e3o<br \/>\nSer uma empresa s\u00f3lida, reconhecida nacionalmente pelo sabor diferenciado de seus produtos obtido a partir de um tradicional esfor\u00e7o artesanal.<\/p>\n<p>Miss\u00e3o<br \/>\nConsolidar a tradi\u00e7\u00e3o Salinense na produ\u00e7\u00e3o de cacha\u00e7a artesanal atrav\u00e9s do trabalho, dedica\u00e7\u00e3o e obsess\u00e3o pela qualidade.<\/p>\n<p>O resultado \u00e9 uma cacha\u00e7a muitas vezes forte, por\u00e9m suave, o que faz dessa bebida um dos produtos mais procurados no ramo dos destilados.<\/p>\n","protected":false},"excerpt":{"rendered":"<p>Cacha\u00e7a Sabinosa Ouro (B\u00e1lsamo) 700 ml<\/p>\n","protected":false},"featured_media":21187,"comment_status":"closed","ping_status":"closed","template":"","meta":[],"product_brand":[],"product_cat":[209,182,183,208],"product_tag":[],"class_list":{"0":"post-20518","1":"product","2":"type-product","3":"status-publish","4":"has-post-thumbnail","6":"product_cat-7-anos","7":"product_cat-cachaca-dourada","8":"product_cat-marcas","9":"product_cat-sabinosa","11":"first","12":"instock","13":"sale","14":"taxable","15":"shipping-taxable","16":"purchasable","17":"product-type-simple"},"_links":{"self":[{"href":"https:\/\/apacs.com.br\/site\/wp-json\/wp\/v2\/product\/20518","targetHints":{"allow":["GET"]}}],"collection":[{"href":"https:\/\/apacs.com.br\/site\/wp-json\/wp\/v2\/product"}],"about":[{"href":"https:\/\/apacs.com.br\/site\/wp-json\/wp\/v2\/types\/product"}],"replies":[{"embeddable":true,"href":"https:\/\/apacs.com.br\/site\/wp-json\/wp\/v2\/comments?post=20518"}],"wp:featuredmedia":[{"embeddable":true,"href":"https:\/\/apacs.com.br\/site\/wp-json\/wp\/v2\/media\/21187"}],"wp:attachment":[{"href":"https:\/\/apacs.com.br\/site\/wp-json\/wp\/v2\/media?parent=20518"}],"wp:term":[{"taxonomy":"product_brand","embeddable":true,"href":"https:\/\/apacs.com.br\/site\/wp-json\/wp\/v2\/product_brand?post=20518"},{"taxonomy":"product_cat","embeddable":true,"href":"https:\/\/apacs.com.br\/site\/wp-json\/wp\/v2\/product_cat?post=20518"},{"taxonomy":"product_tag","embeddable":true,"href":"https:\/\/apacs.com.br\/site\/wp-json\/wp\/v2\/product_tag?post=20518"}],"curies":[{"name":"wp","href":"https:\/\/api.w.org\/{rel}","templated":true}]}}