{"id":20498,"date":"2024-04-13T17:06:54","date_gmt":"2024-04-13T20:06:54","guid":{"rendered":"https:\/\/apacs.com.br\/site\/?post_type=product&#038;p=20498"},"modified":"2025-01-23T15:28:06","modified_gmt":"2025-01-23T18:28:06","slug":"cachaca-brinco-de-ouro-balsamo-600-ml","status":"publish","type":"product","link":"https:\/\/apacs.com.br\/site\/product\/cachaca-brinco-de-ouro-balsamo-600-ml\/","title":{"rendered":"Cacha\u00e7a Brinco de Ouro (B\u00e1lsamo) 600 ml"},"content":{"rendered":"<p>A CACHA\u00c7A BRINCO DE OURO re\u00fane diversos elementos imprescind\u00edveis em sua fabrica\u00e7\u00e3o:<\/p>\n<p>1 &#8211; A dedica\u00e7\u00e3o e experi\u00eancia dos alambiqueiros ao longo de v\u00e1rias d\u00e9cadas ;<\/p>\n<p>2 &#8211; A natureza que propiciou a Salinas uma perfeita intera\u00e7\u00e3o solo, clima e cana-de-a\u00e7ucar, o que proporciona uma mat\u00e9ria prima de excelente qualidade ;<\/p>\n<p>3 &#8211; A fermenta\u00e7\u00e3o natural \u00e0 base de leveduras selvagens , fub\u00e1 de milho e farelo de arroz, sem acr\u00e9scimo de produtos qu\u00edmicos ;<\/p>\n<p>4 &#8211; O armazenamento com dura\u00e7\u00e3o m\u00ednima de 2 anos , em ton\u00e9is de b\u00e1lsamo .<\/p>\n<p>O resultado \u00e9 uma cacha\u00e7a muitas vezes forte, por\u00e9m suave, o que faz dessa bebida um dos produtos mais procurados no ramo dos destilados.<\/p>\n<p>Teor Alcool.: 40 % Vol.<\/p>\n<p>Vis\u00e3o<br \/>\nSer uma empresa s\u00f3lida, reconhecida nacionalmente pelo sabor diferenciado de seus produtos obtido a partir de um tradicional esfor\u00e7o artesanal.<\/p>\n<p>Miss\u00e3o<br \/>\nConsolidar a tradi\u00e7\u00e3o Salinense na produ\u00e7\u00e3o de cacha\u00e7a artesanal atrav\u00e9s do trabalho, dedica\u00e7\u00e3o e obsess\u00e3o pela qualidade.<\/p>\n<p>O resultado \u00e9 uma cacha\u00e7a muitas vezes forte, por\u00e9m suave, o que faz dessa bebida um dos produtos mais procurados no ramo dos destilados.<\/p>\n","protected":false},"excerpt":{"rendered":"<p>Cacha\u00e7a Brinco de Ouro (B\u00e1lsamo) 600 ml<\/p>\n","protected":false},"featured_media":21089,"comment_status":"closed","ping_status":"closed","template":"","meta":[],"product_brand":[],"product_cat":[204,182,183],"product_tag":[],"class_list":{"0":"post-20498","1":"product","2":"type-product","3":"status-publish","4":"has-post-thumbnail","6":"product_cat-brinco-de-ouro","7":"product_cat-cachaca-dourada","8":"product_cat-marcas","10":"first","11":"instock","12":"sale","13":"taxable","14":"shipping-taxable","15":"purchasable","16":"product-type-simple"},"_links":{"self":[{"href":"https:\/\/apacs.com.br\/site\/wp-json\/wp\/v2\/product\/20498","targetHints":{"allow":["GET"]}}],"collection":[{"href":"https:\/\/apacs.com.br\/site\/wp-json\/wp\/v2\/product"}],"about":[{"href":"https:\/\/apacs.com.br\/site\/wp-json\/wp\/v2\/types\/product"}],"replies":[{"embeddable":true,"href":"https:\/\/apacs.com.br\/site\/wp-json\/wp\/v2\/comments?post=20498"}],"wp:featuredmedia":[{"embeddable":true,"href":"https:\/\/apacs.com.br\/site\/wp-json\/wp\/v2\/media\/21089"}],"wp:attachment":[{"href":"https:\/\/apacs.com.br\/site\/wp-json\/wp\/v2\/media?parent=20498"}],"wp:term":[{"taxonomy":"product_brand","embeddable":true,"href":"https:\/\/apacs.com.br\/site\/wp-json\/wp\/v2\/product_brand?post=20498"},{"taxonomy":"product_cat","embeddable":true,"href":"https:\/\/apacs.com.br\/site\/wp-json\/wp\/v2\/product_cat?post=20498"},{"taxonomy":"product_tag","embeddable":true,"href":"https:\/\/apacs.com.br\/site\/wp-json\/wp\/v2\/product_tag?post=20498"}],"curies":[{"name":"wp","href":"https:\/\/api.w.org\/{rel}","templated":true}]}}