{"id":20469,"date":"2024-04-13T17:06:08","date_gmt":"2024-04-13T20:06:08","guid":{"rendered":"https:\/\/apacs.com.br\/site\/?post_type=product&#038;p=20469"},"modified":"2025-01-10T15:53:24","modified_gmt":"2025-01-10T18:53:24","slug":"cachaca-nova-alianca-prata-670-ml","status":"publish","type":"product","link":"https:\/\/apacs.com.br\/site\/product\/cachaca-nova-alianca-prata-670-ml\/","title":{"rendered":"Cacha\u00e7a Nova Alian\u00e7a (Prata) 670 ml"},"content":{"rendered":"<p>DESDE 1988 O PRODUTOR J\u00c2NIO C\u00c9SAR SILVA FAZ HIST\u00d3RIA NO MERCADO DE DESTILADOS<\/p>\n<p>O fabricante J\u00e2nio C\u00e9sar Silva \u00e9 reconhecido na cidade de Salinas pela produ\u00e7\u00e3o de CACHA\u00c7A ARTESANAL de EXCEL\u00caNCIA!<\/p>\n<p>Pensando em aliar Qualidade Artesanal e Tradi\u00e7\u00e3o Familiar originou a CACHA\u00c7A NOVA ALIAN\u00c7A, com intuito de estabelecer rela\u00e7\u00e3o de confian\u00e7a e aprecia\u00e7\u00e3o do consumidor, sendo armazenada em tr\u00eas vers\u00f5es de madeiras: b\u00e1lsamo, jequitib\u00e1 e umburana.<\/p>\n<p>Essas madeiras conferem \u00e0 bebida paladar incompar\u00e1vel para quem aprecia a genu\u00edna bebida brasileira: a cacha\u00e7a.<\/p>\n<p>EXPERIMENTE E COMPROVE!<\/p>\n<blockquote class=\"wp-embedded-content\" data-secret=\"Nxwbahbwnt\"><p><a href=\"https:\/\/cachacanovaalianca.com.br\/\">Home<\/a><\/p><\/blockquote>\n<p><iframe class=\"wp-embedded-content\" sandbox=\"allow-scripts\" security=\"restricted\" style=\"position: absolute; visibility: hidden;\" title=\"&#8220;Home&#8221; &#8212; Cacha\u00e7a Nova Alian\u00e7a\" src=\"https:\/\/cachacanovaalianca.com.br\/embed\/#?secret=zYlqPabfP3#?secret=Nxwbahbwnt\" data-secret=\"Nxwbahbwnt\" width=\"600\" height=\"338\" frameborder=\"0\" marginwidth=\"0\" marginheight=\"0\" scrolling=\"no\"><\/iframe><\/p>\n<p>Facebook<\/p>\n<p>http:\/\/cachacasdesalinas.com\/2015\/03\/23\/cachaca-indaiazinha-e-nova-alianca-tradicao-de-salinas\/<\/p>\n","protected":false},"excerpt":{"rendered":"<p>Cacha\u00e7a Nova Alian\u00e7a (Prata) 670 ml<\/p>\n","protected":false},"featured_media":21157,"comment_status":"closed","ping_status":"closed","template":"","meta":[],"product_brand":[],"product_cat":[190,183,192],"product_tag":[],"class_list":{"0":"post-20469","1":"product","2":"type-product","3":"status-publish","4":"has-post-thumbnail","6":"product_cat-cachaca-incolor","7":"product_cat-marcas","8":"product_cat-nova-alianca","10":"first","11":"instock","12":"taxable","13":"shipping-taxable","14":"purchasable","15":"product-type-simple"},"_links":{"self":[{"href":"https:\/\/apacs.com.br\/site\/wp-json\/wp\/v2\/product\/20469","targetHints":{"allow":["GET"]}}],"collection":[{"href":"https:\/\/apacs.com.br\/site\/wp-json\/wp\/v2\/product"}],"about":[{"href":"https:\/\/apacs.com.br\/site\/wp-json\/wp\/v2\/types\/product"}],"replies":[{"embeddable":true,"href":"https:\/\/apacs.com.br\/site\/wp-json\/wp\/v2\/comments?post=20469"}],"wp:featuredmedia":[{"embeddable":true,"href":"https:\/\/apacs.com.br\/site\/wp-json\/wp\/v2\/media\/21157"}],"wp:attachment":[{"href":"https:\/\/apacs.com.br\/site\/wp-json\/wp\/v2\/media?parent=20469"}],"wp:term":[{"taxonomy":"product_brand","embeddable":true,"href":"https:\/\/apacs.com.br\/site\/wp-json\/wp\/v2\/product_brand?post=20469"},{"taxonomy":"product_cat","embeddable":true,"href":"https:\/\/apacs.com.br\/site\/wp-json\/wp\/v2\/product_cat?post=20469"},{"taxonomy":"product_tag","embeddable":true,"href":"https:\/\/apacs.com.br\/site\/wp-json\/wp\/v2\/product_tag?post=20469"}],"curies":[{"name":"wp","href":"https:\/\/api.w.org\/{rel}","templated":true}]}}