{"id":20452,"date":"2024-04-13T17:06:07","date_gmt":"2024-04-13T20:06:07","guid":{"rendered":"https:\/\/apacs.com.br\/site\/?post_type=product&#038;p=20452"},"modified":"2025-10-03T10:26:38","modified_gmt":"2025-10-03T13:26:38","slug":"cachaca-canarinha-balsamo-600ml","status":"publish","type":"product","link":"https:\/\/apacs.com.br\/site\/product\/cachaca-canarinha-balsamo-600ml\/","title":{"rendered":"Cacha\u00e7a Canarinha (B\u00e1lsamo) 600ml"},"content":{"rendered":"<p>No ano de 2000, No\u00e9 Santiago, adquiriu a fazenda Santa Cruz (Distrito de Nova Matrona), que pertenceu ao Senhor Baldu\u00edno Afonso dos Santos, pioneiro na produ\u00e7\u00e3o de Cacha\u00e7a na regi\u00e3o.<\/p>\n<p>Alambiqueiro de talento, No\u00e9 Santiago transmitiu aos seus filhos os segredos da produ\u00e7\u00e3o de cacha\u00e7a de qualidade.<\/p>\n<p>E ap\u00f3s sua morte, em janeiro de 2008, seu filho Eilton Santiago Soares, apaixonado pelo of\u00edcio de produzir cacha\u00e7a, vem mantendo, como seu pai, o car\u00e1ter e a personalidade da deliciosa Canarinha.<\/p>\n<p>Produzida com conhecimento e paix\u00e3o, a Canarinha ficou em 3\u00ba Lugar no ranking das 20 melhores marcas de cacha\u00e7a do Brasil (revista Playboy, edi\u00e7\u00e3o n\u00ba 383, de abril de 2007).<\/p>\n<p>Pura, amarelinha, envelhecida em ton\u00e9is de b\u00e1lsamo, a Canarinha \u00e9 a alma salinense engarrafada: ensolarada, gostosa, leve e alegre.<\/p>\n<p>PROCESSO DE PRODU\u00c7\u00c3O DA CACHA\u00c7A CANARINHA<\/p>\n<p>Corte<\/p>\n<p>A cana utilizada na produ\u00e7\u00e3o da Cacha\u00e7a Canarinha \u00e9 em sua totalidade cultivada na pr\u00f3pria fazenda onde \u00e9 produzida a cacha\u00e7a e, diga-se de passagem, em solo considerado um dos mais f\u00e9rteis da regi\u00e3o. A cana madura \u00e9 colhida manualmente e depois de cortada, \u00e9 levada direto para o engenho de moagem, onde \u00e9 separado o caldo do baga\u00e7o.<\/p>\n<p>Fermenta\u00e7\u00e3o<\/p>\n<p>O processo de fermenta\u00e7\u00e3o \u00e9 artesanal, sem qualquer aditivo qu\u00edmico, e \u00e9 acompanhado pelo controle pessoal do alambiqueiro, at\u00e9 que a garapa atinja o ponto ideal para ser destilada.<\/p>\n<p>Destila\u00e7\u00e3o<\/p>\n<p>Esta \u00e9 a fase final do processo de produ\u00e7\u00e3o da cacha\u00e7a Canarinha.<br \/>\nA garapa fermentada \u00e9 levada para o alambique de capelo, aquecido por fogo direto de onde \u00e9 aproveitada apenas a fra\u00e7\u00e3o chamada \u201ccora\u00e7\u00e3o\u201d da cacha\u00e7a, sua parte mais nobre.<\/p>\n<p>Envelhecimento<\/p>\n<p>Ap\u00f3s a destila\u00e7\u00e3o a cacha\u00e7a est\u00e1 pronta para ser envelhecida e engarrafada.<br \/>\nA Cacha\u00e7a Canarinha \u00e9 envelhecida por seis a sete anos anos.<br \/>\nTodo esse trabalho \u00e9 compensado, pois ao final desse processo, temos uma cacha\u00e7a de excelente padr\u00e3o de qualidade.<\/p>\n<p>10\u00ba colocada no 1\u00ba Ranking C\u00fapula da Cacha\u00e7a 2014 com mais de 1000 Cacha\u00e7as participando de Cacha\u00e7as de todo o Brasil.<br \/>\n5\u00b0 lugar no Ranking da Playboy 2011<br \/>\n2\u00ba lugar no Ranking da VEJA 2010 (ed. 2152).<br \/>\n6\u00ba lugar no ranking da revista Playbooy de 2009.<br \/>\n3\u00ba lugar no concurso da revista Playboy de 2007<\/p>\n","protected":false},"excerpt":{"rendered":"<p>Cacha\u00e7a Canarinha (B\u00e1lsamo) 600ml<\/p>\n","protected":false},"featured_media":21345,"comment_status":"open","ping_status":"closed","template":"","meta":[],"product_brand":[],"product_cat":[182,189,183],"product_tag":[],"class_list":{"0":"post-20452","1":"product","2":"type-product","3":"status-publish","4":"has-post-thumbnail","6":"product_cat-cachaca-dourada","7":"product_cat-canarinha","8":"product_cat-marcas","10":"first","11":"instock","12":"sale","13":"featured","14":"taxable","15":"shipping-taxable","16":"purchasable","17":"product-type-simple"},"_links":{"self":[{"href":"https:\/\/apacs.com.br\/site\/wp-json\/wp\/v2\/product\/20452","targetHints":{"allow":["GET"]}}],"collection":[{"href":"https:\/\/apacs.com.br\/site\/wp-json\/wp\/v2\/product"}],"about":[{"href":"https:\/\/apacs.com.br\/site\/wp-json\/wp\/v2\/types\/product"}],"replies":[{"embeddable":true,"href":"https:\/\/apacs.com.br\/site\/wp-json\/wp\/v2\/comments?post=20452"}],"wp:featuredmedia":[{"embeddable":true,"href":"https:\/\/apacs.com.br\/site\/wp-json\/wp\/v2\/media\/21345"}],"wp:attachment":[{"href":"https:\/\/apacs.com.br\/site\/wp-json\/wp\/v2\/media?parent=20452"}],"wp:term":[{"taxonomy":"product_brand","embeddable":true,"href":"https:\/\/apacs.com.br\/site\/wp-json\/wp\/v2\/product_brand?post=20452"},{"taxonomy":"product_cat","embeddable":true,"href":"https:\/\/apacs.com.br\/site\/wp-json\/wp\/v2\/product_cat?post=20452"},{"taxonomy":"product_tag","embeddable":true,"href":"https:\/\/apacs.com.br\/site\/wp-json\/wp\/v2\/product_tag?post=20452"}],"curies":[{"name":"wp","href":"https:\/\/api.w.org\/{rel}","templated":true}]}}