{"id":20447,"date":"2024-04-13T17:06:07","date_gmt":"2024-04-13T20:06:07","guid":{"rendered":"https:\/\/apacs.com.br\/site\/?post_type=product&#038;p=20447"},"modified":"2024-10-30T15:27:00","modified_gmt":"2024-10-30T18:27:00","slug":"cachaca-majestade-balsamo-600ml","status":"publish","type":"product","link":"https:\/\/apacs.com.br\/site\/product\/cachaca-majestade-balsamo-600ml\/","title":{"rendered":"Cacha\u00e7a Majestade (B\u00e1lsamo) 600ml"},"content":{"rendered":"<p>Salinas \u00e9 um munic\u00edpio que possui caracter\u00edsticas pr\u00f3prias para produ\u00e7\u00e3o da melhor cacha\u00e7a do mundo.<\/p>\n<p>No ano de 2000, resolveram os irm\u00e3os MA\u00c7ONS, Nestor S\u00e9rgio de Oliveira Santos, Levindo de Castro Pinto Filho e Adalcino Fran\u00e7a Junior montaram uma sociedade, com o objetivo de fabricarem cacha\u00e7a.<\/p>\n<p>Depois da decis\u00e3o tomada, iniciaram as discuss\u00f5es e logo em seguida, buscas foram feitas para aquisi\u00e7\u00e3o de um terreno apropriado. Ap\u00f3s v\u00e1rias reuni\u00f5es e visitas \u00e0s fazendas nas proximidades, foi adquirido um terreno \u00e0s margens da barragem de Salinas em novembro de 2000.<\/p>\n<p>Em janeiro de 2001, as atividades foram iniciadas e em seguida, o plantio da cana em um espa\u00e7o de 9 hectares, que hoje foi ampliado devido a demanda.<\/p>\n<p>A primeira alambicagem ocorreu no ano de 2001, sendo a produ\u00e7\u00e3o vendida a granel, pr\u00e1tica que perdurou at\u00e9 o in\u00edcio do ano de 2009, quando a empresa fez o seu primeiro envasamento do produto, sendo este colocado a venda em 16 de abril do corrente ano.<\/p>\n<p>Em 10 de julho de 2008, para exposi\u00e7\u00e3o no VII Festival Mundial da cacha\u00e7a, foram envasadas as primeiras garrafas da cacha\u00e7a Majestade, na engarrafadora da Seleta e da COOPERCACHA\u00c7A.<\/p>\n<p>No dia 16 de abril de 2009 foi envasado o primeiro lote do produto, na pr\u00f3pria f\u00e1brica, Agroind\u00fastria Tr\u00eas Irm\u00e3os onde deu in\u00edcio a sua comercializa\u00e7\u00e3o.<\/p>\n<p>A cacha\u00e7a Majestade \u00e9 produzida artesanalmente, destilada em alambiques de cobre e armazenada em ton\u00e9is de b\u00e1lsamo. A sede da cacha\u00e7a est\u00e1 localizada na Fazenda Tr\u00eas Irm\u00e3os &#8211; Rodovia Salinas\/Taiobeiras, Km 10, Zona Rural, Munic\u00edpio de Salinas &#8211; Minas Gerais.<\/p>\n<p>Nossos produtos s\u00e3o feitos de forma a serem inconfund\u00edveis, com uma qualidade superior, desde a sua fabrica\u00e7\u00e3o at\u00e9 o envase. Mesmo tendo lindas garrafas, caixas, dentre outros, os nossos produtos dispensa apresenta\u00e7\u00f5es.<\/p>\n","protected":false},"excerpt":{"rendered":"<p>Cacha\u00e7a Majestade (B\u00e1lsamo) 600ml<\/p>\n","protected":false},"featured_media":21121,"comment_status":"open","ping_status":"closed","template":"","meta":[],"product_brand":[],"product_cat":[182,186,183],"product_tag":[],"class_list":{"0":"post-20447","1":"product","2":"type-product","3":"status-publish","4":"has-post-thumbnail","6":"product_cat-cachaca-dourada","7":"product_cat-majestade","8":"product_cat-marcas","10":"first","11":"instock","12":"sale","13":"taxable","14":"shipping-taxable","15":"purchasable","16":"product-type-simple"},"_links":{"self":[{"href":"https:\/\/apacs.com.br\/site\/wp-json\/wp\/v2\/product\/20447","targetHints":{"allow":["GET"]}}],"collection":[{"href":"https:\/\/apacs.com.br\/site\/wp-json\/wp\/v2\/product"}],"about":[{"href":"https:\/\/apacs.com.br\/site\/wp-json\/wp\/v2\/types\/product"}],"replies":[{"embeddable":true,"href":"https:\/\/apacs.com.br\/site\/wp-json\/wp\/v2\/comments?post=20447"}],"wp:featuredmedia":[{"embeddable":true,"href":"https:\/\/apacs.com.br\/site\/wp-json\/wp\/v2\/media\/21121"}],"wp:attachment":[{"href":"https:\/\/apacs.com.br\/site\/wp-json\/wp\/v2\/media?parent=20447"}],"wp:term":[{"taxonomy":"product_brand","embeddable":true,"href":"https:\/\/apacs.com.br\/site\/wp-json\/wp\/v2\/product_brand?post=20447"},{"taxonomy":"product_cat","embeddable":true,"href":"https:\/\/apacs.com.br\/site\/wp-json\/wp\/v2\/product_cat?post=20447"},{"taxonomy":"product_tag","embeddable":true,"href":"https:\/\/apacs.com.br\/site\/wp-json\/wp\/v2\/product_tag?post=20447"}],"curies":[{"name":"wp","href":"https:\/\/api.w.org\/{rel}","templated":true}]}}