{"id":20444,"date":"2024-04-13T17:06:07","date_gmt":"2024-04-13T20:06:07","guid":{"rendered":"https:\/\/apacs.com.br\/site\/?post_type=product&#038;p=20444"},"modified":"2024-10-31T14:24:29","modified_gmt":"2024-10-31T17:24:29","slug":"cachaca-meia-lua-balsamo-670-ml","status":"publish","type":"product","link":"https:\/\/apacs.com.br\/site\/product\/cachaca-meia-lua-balsamo-670-ml\/","title":{"rendered":"Cacha\u00e7a Meia Lua (B\u00e1lsamo) 670 ml"},"content":{"rendered":"<p>A Cacha\u00e7a Meia Lua Balsamo \u00e9 produzida na regi\u00e3o de Salinas, capital nacional da cacha\u00e7a, envelhecida em ton\u00e9is de Balsamo\u00a0por 2\u00a0anos<\/p>\n<ul>\n<li>Madeira: Balsamo<\/li>\n<li>Grad. Alco\u00f3lica: 43%<\/li>\n<li>Volume: 670 ml<\/li>\n<li>Tempo de Envelhecimento: 2\u00a0anos<\/li>\n<li>Origem: Salinas\/MG &#8211;\u00a0 Brasil<\/li>\n<li>Colora\u00e7\u00e3o: Branca incolor<\/li>\n<\/ul>\n","protected":false},"excerpt":{"rendered":"<p>Cacha\u00e7a Meia Lua (B\u00e1lsamo) 670 ml<\/p>\n","protected":false},"featured_media":21126,"comment_status":"open","ping_status":"closed","template":"","meta":[],"product_brand":[],"product_cat":[185,182,183,184],"product_tag":[],"class_list":{"0":"post-20444","1":"product","2":"type-product","3":"status-publish","4":"has-post-thumbnail","6":"product_cat-2-anos","7":"product_cat-cachaca-dourada","8":"product_cat-marcas","9":"product_cat-meia-lua","11":"first","12":"instock","13":"taxable","14":"shipping-taxable","15":"purchasable","16":"product-type-simple"},"_links":{"self":[{"href":"https:\/\/apacs.com.br\/site\/wp-json\/wp\/v2\/product\/20444","targetHints":{"allow":["GET"]}}],"collection":[{"href":"https:\/\/apacs.com.br\/site\/wp-json\/wp\/v2\/product"}],"about":[{"href":"https:\/\/apacs.com.br\/site\/wp-json\/wp\/v2\/types\/product"}],"replies":[{"embeddable":true,"href":"https:\/\/apacs.com.br\/site\/wp-json\/wp\/v2\/comments?post=20444"}],"wp:featuredmedia":[{"embeddable":true,"href":"https:\/\/apacs.com.br\/site\/wp-json\/wp\/v2\/media\/21126"}],"wp:attachment":[{"href":"https:\/\/apacs.com.br\/site\/wp-json\/wp\/v2\/media?parent=20444"}],"wp:term":[{"taxonomy":"product_brand","embeddable":true,"href":"https:\/\/apacs.com.br\/site\/wp-json\/wp\/v2\/product_brand?post=20444"},{"taxonomy":"product_cat","embeddable":true,"href":"https:\/\/apacs.com.br\/site\/wp-json\/wp\/v2\/product_cat?post=20444"},{"taxonomy":"product_tag","embeddable":true,"href":"https:\/\/apacs.com.br\/site\/wp-json\/wp\/v2\/product_tag?post=20444"}],"curies":[{"name":"wp","href":"https:\/\/api.w.org\/{rel}","templated":true}]}}